{"id":464,"date":"2026-03-22T04:22:29","date_gmt":"2026-03-22T04:22:29","guid":{"rendered":"https:\/\/shopgsb.azdigi.shop\/?page_id=464"},"modified":"2026-04-03T12:51:04","modified_gmt":"2026-04-03T12:51:04","slug":"giay-cau-long","status":"publish","type":"page","link":"https:\/\/shopgsb.azdigi.shop\/?page_id=464","title":{"rendered":"Gi\u00e0y c\u1ea7u l\u00f4ng"},"content":{"rendered":"  <div id=\"page-header-1586315310\" class=\"page-header-wrapper\">\n  <div class=\"page-title light featured-title\">\n\n        <div class=\"page-title-bg\">\n      <div class=\"title-bg fill bg-fill\"\n        data-parallax-container=\".page-title\"\n        data-parallax-background\n        data-parallax=\"-\">\n      <\/div>\n      <div class=\"title-overlay fill\"><\/div>\n    <\/div>\n    \n    <div class=\"page-title-inner container align-center flex-row medium-flex-wrap\" >\n              <div class=\"title-wrapper flex-col text-left medium-text-center\">\n          <h1 class=\"entry-title mb-0\">\n            Gi\u00e0y c\u1ea7u l\u00f4ng          <\/h1>\n        <\/div>\n                    <div class=\"title-content flex-col flex-right text-right medium-text-center\">\n              <\/div>\n    <\/div>\n\n     \n<style>\n#page-header-1586315310 .featured-title {\n  background-color: rgb(255,255,255);\n}\n<\/style>\n  <\/div>\n    <\/div>\n  \n<div class=\"slider-wrapper relative\" id=\"slider-1755639611\" >\n    <div class=\"slider slider-nav-circle slider-nav-large slider-nav-light slider-style-normal\"\n        data-flickity-options='{\n            \"cellAlign\": \"center\",\n            \"imagesLoaded\": true,\n            \"lazyLoad\": 1,\n            \"freeScroll\": false,\n            \"wrapAround\": true,\n            \"autoPlay\": 6000,\n            \"pauseAutoPlayOnHover\" : true,\n            \"prevNextButtons\": true,\n            \"contain\" : true,\n            \"adaptiveHeight\" : true,\n            \"dragThreshold\" : 10,\n            \"percentPosition\": true,\n            \"pageDots\": true,\n            \"rightToLeft\": false,\n            \"draggable\": true,\n            \"selectedAttraction\": 0.1,\n            \"parallax\" : 0,\n            \"friction\": 0.6        }'\n        >\n        \n\t<div class=\"img has-hover x md-x lg-x y md-y lg-y\" id=\"image_616723070\">\n\t\t\t\t\t\t\t\t<div class=\"img-inner dark\" >\n\t\t\t<img loading=\"lazy\" decoding=\"async\" width=\"1020\" height=\"446\" src=\"https:\/\/shopgsb.azdigi.shop\/wp-content\/uploads\/2026\/01\/heroimage_b_f_250217_06-1-scaled.jpg\" class=\"attachment-large size-large\" alt=\"\" \/>\t\t\t\t\t\t\n\t\t\t\t\t<\/div>\n\t\t\t\t\t\t\t\t\n<style>\n#image_616723070 {\n  width: 100%;\n}\n<\/style>\n\t<\/div>\n\t\n     <\/div>\n\n     <div class=\"loading-spin dark large centered\"><\/div>\n\n     \t<\/div>\n\n\n<div class=\"woocommerce columns-4 \"><div class=\"products row row-small large-columns-4 medium-columns-3 small-columns-2\">\n\n<div class=\"product-small col has-hover product type-product post-579 status-publish first instock product_cat-giay-cau-long has-post-thumbnail shipping-taxable purchasable product-type-variable\">\n\t<div class=\"col-inner\">\n\t\n<div class=\"badge-container absolute left top z-1\">\n<\/div>\n\t<div class=\"product-small box \">\n\t\t<div class=\"box-image\">\n\t\t\t<div class=\"image-fade_in_back\">\n\t\t\t\t<a href=\"https:\/\/shopgsb.azdigi.shop\/?product=giay-cau-long-lining-aytt001-6-chinh-hang\" aria-label=\"Gi\u00e0y c\u1ea7u l\u00f4ng Lining AYTT001-6 ch\u00ednh h\u00e3ng\">\n\t\t\t\t\t<img loading=\"lazy\" decoding=\"async\" width=\"300\" height=\"300\" src=\"https:\/\/shopgsb.azdigi.shop\/wp-content\/uploads\/2026\/03\/Anh-chup-man-hinh-2026-03-23-205547-300x300.png\" class=\"attachment-woocommerce_thumbnail size-woocommerce_thumbnail\" alt=\"Gi\u00e0y c\u1ea7u l\u00f4ng Lining AYTT001-6 ch\u00ednh h\u00e3ng\" srcset=\"https:\/\/shopgsb.azdigi.shop\/wp-content\/uploads\/2026\/03\/Anh-chup-man-hinh-2026-03-23-205547-300x300.png 300w, https:\/\/shopgsb.azdigi.shop\/wp-content\/uploads\/2026\/03\/Anh-chup-man-hinh-2026-03-23-205547-150x150.png 150w, https:\/\/shopgsb.azdigi.shop\/wp-content\/uploads\/2026\/03\/Anh-chup-man-hinh-2026-03-23-205547-100x100.png 100w\" sizes=\"auto, (max-width: 300px) 100vw, 300px\" \/><img loading=\"lazy\" decoding=\"async\" width=\"300\" height=\"300\" src=\"https:\/\/shopgsb.azdigi.shop\/wp-content\/uploads\/2026\/03\/Anh-chup-man-hinh-2026-03-23-205556-300x300.png\" class=\"show-on-hover absolute fill hide-for-small back-image\" alt=\"\" srcset=\"https:\/\/shopgsb.azdigi.shop\/wp-content\/uploads\/2026\/03\/Anh-chup-man-hinh-2026-03-23-205556-300x300.png 300w, https:\/\/shopgsb.azdigi.shop\/wp-content\/uploads\/2026\/03\/Anh-chup-man-hinh-2026-03-23-205556-150x150.png 150w, https:\/\/shopgsb.azdigi.shop\/wp-content\/uploads\/2026\/03\/Anh-chup-man-hinh-2026-03-23-205556-100x100.png 100w\" sizes=\"auto, (max-width: 300px) 100vw, 300px\" \/>\t\t\t\t<\/a>\n\t\t\t<\/div>\n\t\t\t<div class=\"image-tools is-small top right show-on-hover\">\n\t\t\t\t\t\t\t<\/div>\n\t\t\t<div class=\"image-tools is-small hide-for-small bottom left show-on-hover\">\n\t\t\t\t\t\t\t<\/div>\n\t\t\t<div class=\"image-tools grid-tools text-center hide-for-small bottom hover-slide-in show-on-hover\">\n\t\t\t\t  <a class=\"quick-view\" data-prod=\"579\" href=\"#quick-view\">Quick View<\/a>\t\t\t<\/div>\n\t\t\t\t\t<\/div>\n\n\t\t<div class=\"box-text box-text-products\">\n\t\t\t<div class=\"title-wrapper\">\t\t<p class=\"category uppercase is-smaller no-text-overflow product-cat op-7\">\n\t\t\tGi\u00e0y c\u1ea7u l\u00f4ng\t\t<\/p>\n\t<p class=\"name product-title woocommerce-loop-product__title\"><a href=\"https:\/\/shopgsb.azdigi.shop\/?product=giay-cau-long-lining-aytt001-6-chinh-hang\" class=\"woocommerce-LoopProduct-link woocommerce-loop-product__link\">Gi\u00e0y c\u1ea7u l\u00f4ng Lining AYTT001-6 ch\u00ednh h\u00e3ng<\/a><\/p><\/div><div class=\"price-wrapper\">\n\t<span class=\"price\"><span class=\"woocommerce-Price-amount amount\"><bdi>1.440.000&nbsp;<span class=\"woocommerce-Price-currencySymbol\">&#8363;<\/span><\/bdi><\/span><\/span>\n\n<div class=\"rate\">\n <span class=\"point\">4.9\/5 <i class=\"icon-star\"><\/i><\/span>\n                <span class=\"total-rate\">213 \u0111\u00e1nh gi\u00e1<\/span>\n<\/div>\n\n<\/div>\t\t<\/div>\n\t<\/div>\n\t\t<\/div>\n<\/div>\n\n<div class=\"product-small col has-hover product type-product post-570 status-publish instock product_cat-giay-cau-long has-post-thumbnail shipping-taxable purchasable product-type-variable\">\n\t<div class=\"col-inner\">\n\t\n<div class=\"badge-container absolute left top z-1\">\n<\/div>\n\t<div class=\"product-small box \">\n\t\t<div class=\"box-image\">\n\t\t\t<div class=\"image-fade_in_back\">\n\t\t\t\t<a href=\"https:\/\/shopgsb.azdigi.shop\/?product=giay-cau-long-lining-ayzu019-2\" aria-label=\"Gi\u00e0y c\u1ea7u l\u00f4ng Lining AYZU019-2\">\n\t\t\t\t\t<img loading=\"lazy\" decoding=\"async\" width=\"300\" height=\"300\" src=\"https:\/\/shopgsb.azdigi.shop\/wp-content\/uploads\/2026\/03\/Anh-chup-man-hinh-2026-03-23-205120-300x300.png\" class=\"attachment-woocommerce_thumbnail size-woocommerce_thumbnail\" alt=\"Gi\u00e0y c\u1ea7u l\u00f4ng Lining AYZU019-2\" srcset=\"https:\/\/shopgsb.azdigi.shop\/wp-content\/uploads\/2026\/03\/Anh-chup-man-hinh-2026-03-23-205120-300x300.png 300w, https:\/\/shopgsb.azdigi.shop\/wp-content\/uploads\/2026\/03\/Anh-chup-man-hinh-2026-03-23-205120-150x150.png 150w, https:\/\/shopgsb.azdigi.shop\/wp-content\/uploads\/2026\/03\/Anh-chup-man-hinh-2026-03-23-205120-100x100.png 100w\" sizes=\"auto, (max-width: 300px) 100vw, 300px\" \/><img loading=\"lazy\" decoding=\"async\" width=\"300\" height=\"300\" src=\"https:\/\/shopgsb.azdigi.shop\/wp-content\/uploads\/2026\/03\/Anh-chup-man-hinh-2026-03-23-205126-300x300.png\" class=\"show-on-hover absolute fill hide-for-small back-image\" alt=\"\" srcset=\"https:\/\/shopgsb.azdigi.shop\/wp-content\/uploads\/2026\/03\/Anh-chup-man-hinh-2026-03-23-205126-300x300.png 300w, https:\/\/shopgsb.azdigi.shop\/wp-content\/uploads\/2026\/03\/Anh-chup-man-hinh-2026-03-23-205126-150x150.png 150w, https:\/\/shopgsb.azdigi.shop\/wp-content\/uploads\/2026\/03\/Anh-chup-man-hinh-2026-03-23-205126-100x100.png 100w\" sizes=\"auto, (max-width: 300px) 100vw, 300px\" \/>\t\t\t\t<\/a>\n\t\t\t<\/div>\n\t\t\t<div class=\"image-tools is-small top right show-on-hover\">\n\t\t\t\t\t\t\t<\/div>\n\t\t\t<div class=\"image-tools is-small hide-for-small bottom left show-on-hover\">\n\t\t\t\t\t\t\t<\/div>\n\t\t\t<div class=\"image-tools grid-tools text-center hide-for-small bottom hover-slide-in show-on-hover\">\n\t\t\t\t  <a class=\"quick-view\" data-prod=\"570\" href=\"#quick-view\">Quick View<\/a>\t\t\t<\/div>\n\t\t\t\t\t<\/div>\n\n\t\t<div class=\"box-text box-text-products\">\n\t\t\t<div class=\"title-wrapper\">\t\t<p class=\"category uppercase is-smaller no-text-overflow product-cat op-7\">\n\t\t\tGi\u00e0y c\u1ea7u l\u00f4ng\t\t<\/p>\n\t<p class=\"name product-title woocommerce-loop-product__title\"><a href=\"https:\/\/shopgsb.azdigi.shop\/?product=giay-cau-long-lining-ayzu019-2\" class=\"woocommerce-LoopProduct-link woocommerce-loop-product__link\">Gi\u00e0y c\u1ea7u l\u00f4ng Lining AYZU019-2<\/a><\/p><\/div><div class=\"price-wrapper\">\n\t<span class=\"price\"><span class=\"woocommerce-Price-amount amount\"><bdi>2.700.000&nbsp;<span class=\"woocommerce-Price-currencySymbol\">&#8363;<\/span><\/bdi><\/span><\/span>\n\n<div class=\"rate\">\n <span class=\"point\">4.9\/5 <i class=\"icon-star\"><\/i><\/span>\n                <span class=\"total-rate\">244 \u0111\u00e1nh gi\u00e1<\/span>\n<\/div>\n\n<\/div>\t\t<\/div>\n\t<\/div>\n\t\t<\/div>\n<\/div>\n\n<div class=\"product-small col has-hover product type-product post-584 status-publish instock product_cat-giay-cau-long has-post-thumbnail sale shipping-taxable purchasable product-type-variable\">\n\t<div class=\"col-inner\">\n\t\n<div class=\"badge-container absolute left top z-1\">\n\t\t<div class=\"callout badge badge-circle\"><div class=\"badge-inner secondary on-sale\"><span class=\"onsale\">-16%<\/span><\/div><\/div>\n<\/div>\n\t<div class=\"product-small box \">\n\t\t<div class=\"box-image\">\n\t\t\t<div class=\"image-fade_in_back\">\n\t\t\t\t<a href=\"https:\/\/shopgsb.azdigi.shop\/?product=giay-cau-long-yonex-88-dial-3-2024\" aria-label=\"Gi\u00e0y C\u1ea7u L\u00f4ng Yonex 88 Dial 3 2024 - Ch\u00ednh h\u00e3ng\">\n\t\t\t\t\t<img loading=\"lazy\" decoding=\"async\" width=\"300\" height=\"300\" src=\"https:\/\/shopgsb.azdigi.shop\/wp-content\/uploads\/2026\/03\/Anh-chup-man-hinh-2026-03-23-210917-300x300.png\" class=\"attachment-woocommerce_thumbnail size-woocommerce_thumbnail\" alt=\"Gi\u00e0y C\u1ea7u L\u00f4ng Yonex 88 Dial 3 2024 - Ch\u00ednh h\u00e3ng\" srcset=\"https:\/\/shopgsb.azdigi.shop\/wp-content\/uploads\/2026\/03\/Anh-chup-man-hinh-2026-03-23-210917-300x300.png 300w, https:\/\/shopgsb.azdigi.shop\/wp-content\/uploads\/2026\/03\/Anh-chup-man-hinh-2026-03-23-210917-150x150.png 150w, https:\/\/shopgsb.azdigi.shop\/wp-content\/uploads\/2026\/03\/Anh-chup-man-hinh-2026-03-23-210917-100x100.png 100w\" sizes=\"auto, (max-width: 300px) 100vw, 300px\" \/><img loading=\"lazy\" decoding=\"async\" width=\"300\" height=\"300\" src=\"https:\/\/shopgsb.azdigi.shop\/wp-content\/uploads\/2026\/03\/Anh-chup-man-hinh-2026-03-23-210921-300x300.png\" class=\"show-on-hover absolute fill hide-for-small back-image\" alt=\"\" srcset=\"https:\/\/shopgsb.azdigi.shop\/wp-content\/uploads\/2026\/03\/Anh-chup-man-hinh-2026-03-23-210921-300x300.png 300w, https:\/\/shopgsb.azdigi.shop\/wp-content\/uploads\/2026\/03\/Anh-chup-man-hinh-2026-03-23-210921-150x150.png 150w, https:\/\/shopgsb.azdigi.shop\/wp-content\/uploads\/2026\/03\/Anh-chup-man-hinh-2026-03-23-210921-100x100.png 100w\" sizes=\"auto, (max-width: 300px) 100vw, 300px\" \/>\t\t\t\t<\/a>\n\t\t\t<\/div>\n\t\t\t<div class=\"image-tools is-small top right show-on-hover\">\n\t\t\t\t\t\t\t<\/div>\n\t\t\t<div class=\"image-tools is-small hide-for-small bottom left show-on-hover\">\n\t\t\t\t\t\t\t<\/div>\n\t\t\t<div class=\"image-tools grid-tools text-center hide-for-small bottom hover-slide-in show-on-hover\">\n\t\t\t\t  <a class=\"quick-view\" data-prod=\"584\" href=\"#quick-view\">Quick View<\/a>\t\t\t<\/div>\n\t\t\t\t\t<\/div>\n\n\t\t<div class=\"box-text box-text-products\">\n\t\t\t<div class=\"title-wrapper\">\t\t<p class=\"category uppercase is-smaller no-text-overflow product-cat op-7\">\n\t\t\tGi\u00e0y c\u1ea7u l\u00f4ng\t\t<\/p>\n\t<p class=\"name product-title woocommerce-loop-product__title\"><a href=\"https:\/\/shopgsb.azdigi.shop\/?product=giay-cau-long-yonex-88-dial-3-2024\" class=\"woocommerce-LoopProduct-link woocommerce-loop-product__link\">Gi\u00e0y C\u1ea7u L\u00f4ng Yonex 88 Dial 3 2024 &#8211; Ch\u00ednh h\u00e3ng<\/a><\/p><\/div><div class=\"price-wrapper\">\n\t<span class=\"price\"><span class=\"woocommerce-Price-amount amount\" aria-hidden=\"true\"><bdi>2.800.000&nbsp;<span class=\"woocommerce-Price-currencySymbol\">&#8363;<\/span><\/bdi><\/span> <span aria-hidden=\"true\">&ndash;<\/span> <span class=\"woocommerce-Price-amount amount\" aria-hidden=\"true\"><bdi>3.348.000&nbsp;<span class=\"woocommerce-Price-currencySymbol\">&#8363;<\/span><\/bdi><\/span><span class=\"screen-reader-text\">Kho\u1ea3ng gi\u00e1: t\u1eeb 2.800.000&nbsp;&#8363; \u0111\u1ebfn 3.348.000&nbsp;&#8363;<\/span><\/span>\n\n<div class=\"rate\">\n <span class=\"point\">4.9\/5 <i class=\"icon-star\"><\/i><\/span>\n                <span class=\"total-rate\">255 \u0111\u00e1nh gi\u00e1<\/span>\n<\/div>\n\n<\/div>\t\t<\/div>\n\t<\/div>\n\t\t<\/div>\n<\/div>\n\n<div class=\"product-small col has-hover product type-product post-522 status-publish last instock product_cat-giay-cau-long has-post-thumbnail shipping-taxable purchasable product-type-variable\">\n\t<div class=\"col-inner\">\n\t\n<div class=\"badge-container absolute left top z-1\">\n<\/div>\n\t<div class=\"product-small box \">\n\t\t<div class=\"box-image\">\n\t\t\t<div class=\"image-fade_in_back\">\n\t\t\t\t<a href=\"https:\/\/shopgsb.azdigi.shop\/?product=giay-cau-long-yonex-88-dial-3-wide-2025\" aria-label=\"Gi\u00e0y c\u1ea7u l\u00f4ng Yonex 88 Dial 3 Wide 2025\">\n\t\t\t\t\t<img loading=\"lazy\" decoding=\"async\" width=\"300\" height=\"300\" src=\"https:\/\/shopgsb.azdigi.shop\/wp-content\/uploads\/2026\/03\/Anh-chup-man-hinh-2026-03-23-201445-300x300.png\" class=\"attachment-woocommerce_thumbnail size-woocommerce_thumbnail\" alt=\"Gi\u00e0y c\u1ea7u l\u00f4ng Yonex 88 Dial 3 Wide 2025\" srcset=\"https:\/\/shopgsb.azdigi.shop\/wp-content\/uploads\/2026\/03\/Anh-chup-man-hinh-2026-03-23-201445-300x300.png 300w, https:\/\/shopgsb.azdigi.shop\/wp-content\/uploads\/2026\/03\/Anh-chup-man-hinh-2026-03-23-201445-150x150.png 150w, https:\/\/shopgsb.azdigi.shop\/wp-content\/uploads\/2026\/03\/Anh-chup-man-hinh-2026-03-23-201445-100x100.png 100w\" sizes=\"auto, (max-width: 300px) 100vw, 300px\" \/><img loading=\"lazy\" decoding=\"async\" width=\"300\" height=\"300\" src=\"https:\/\/shopgsb.azdigi.shop\/wp-content\/uploads\/2026\/03\/Anh-chup-man-hinh-2026-03-23-201453-300x300.png\" class=\"show-on-hover absolute fill hide-for-small back-image\" alt=\"\" srcset=\"https:\/\/shopgsb.azdigi.shop\/wp-content\/uploads\/2026\/03\/Anh-chup-man-hinh-2026-03-23-201453-300x300.png 300w, https:\/\/shopgsb.azdigi.shop\/wp-content\/uploads\/2026\/03\/Anh-chup-man-hinh-2026-03-23-201453-150x150.png 150w, https:\/\/shopgsb.azdigi.shop\/wp-content\/uploads\/2026\/03\/Anh-chup-man-hinh-2026-03-23-201453-100x100.png 100w\" sizes=\"auto, (max-width: 300px) 100vw, 300px\" \/>\t\t\t\t<\/a>\n\t\t\t<\/div>\n\t\t\t<div class=\"image-tools is-small top right show-on-hover\">\n\t\t\t\t\t\t\t<\/div>\n\t\t\t<div class=\"image-tools is-small hide-for-small bottom left show-on-hover\">\n\t\t\t\t\t\t\t<\/div>\n\t\t\t<div class=\"image-tools grid-tools text-center hide-for-small bottom hover-slide-in show-on-hover\">\n\t\t\t\t  <a class=\"quick-view\" data-prod=\"522\" href=\"#quick-view\">Quick View<\/a>\t\t\t<\/div>\n\t\t\t\t\t<\/div>\n\n\t\t<div class=\"box-text box-text-products\">\n\t\t\t<div class=\"title-wrapper\">\t\t<p class=\"category uppercase is-smaller no-text-overflow product-cat op-7\">\n\t\t\tGi\u00e0y c\u1ea7u l\u00f4ng\t\t<\/p>\n\t<p class=\"name product-title woocommerce-loop-product__title\"><a href=\"https:\/\/shopgsb.azdigi.shop\/?product=giay-cau-long-yonex-88-dial-3-wide-2025\" class=\"woocommerce-LoopProduct-link woocommerce-loop-product__link\">Gi\u00e0y c\u1ea7u l\u00f4ng Yonex 88 Dial 3 Wide 2025<\/a><\/p><\/div><div class=\"price-wrapper\">\n\t<span class=\"price\"><span class=\"woocommerce-Price-amount amount\"><bdi>3.500.000&nbsp;<span class=\"woocommerce-Price-currencySymbol\">&#8363;<\/span><\/bdi><\/span><\/span>\n\n<div class=\"rate\">\n <span class=\"point\">4.9\/5 <i class=\"icon-star\"><\/i><\/span>\n                <span class=\"total-rate\">172 \u0111\u00e1nh gi\u00e1<\/span>\n<\/div>\n\n<\/div>\t\t<\/div>\n\t<\/div>\n\t\t<\/div>\n<\/div>\n\n<div class=\"product-small col has-hover product type-product post-533 status-publish first instock product_cat-giay-cau-long has-post-thumbnail sale shipping-taxable purchasable product-type-variable\">\n\t<div class=\"col-inner\">\n\t\n<div class=\"badge-container absolute left top z-1\">\n\t\t<div class=\"callout badge badge-circle\"><div class=\"badge-inner secondary on-sale\"><span class=\"onsale\">-28%<\/span><\/div><\/div>\n<\/div>\n\t<div class=\"product-small box \">\n\t\t<div class=\"box-image\">\n\t\t\t<div class=\"image-fade_in_back\">\n\t\t\t\t<a href=\"https:\/\/shopgsb.azdigi.shop\/?product=giay-cau-long-yonex-power-cushion-65z\" aria-label=\"Gi\u00e0y c\u1ea7u l\u00f4ng Yonex Power Cushion 65Z\">\n\t\t\t\t\t<img loading=\"lazy\" decoding=\"async\" width=\"300\" height=\"300\" src=\"https:\/\/shopgsb.azdigi.shop\/wp-content\/uploads\/2026\/03\/yonex-power-cushion-shb-65z4-6-300x300.jpg\" class=\"attachment-woocommerce_thumbnail size-woocommerce_thumbnail\" alt=\"Gi\u00e0y c\u1ea7u l\u00f4ng Yonex Power Cushion 65Z\" srcset=\"https:\/\/shopgsb.azdigi.shop\/wp-content\/uploads\/2026\/03\/yonex-power-cushion-shb-65z4-6-300x300.jpg 300w, https:\/\/shopgsb.azdigi.shop\/wp-content\/uploads\/2026\/03\/yonex-power-cushion-shb-65z4-6-150x150.jpg 150w, https:\/\/shopgsb.azdigi.shop\/wp-content\/uploads\/2026\/03\/yonex-power-cushion-shb-65z4-6-100x100.jpg 100w\" sizes=\"auto, (max-width: 300px) 100vw, 300px\" \/><img loading=\"lazy\" decoding=\"async\" width=\"300\" height=\"300\" src=\"https:\/\/shopgsb.azdigi.shop\/wp-content\/uploads\/2026\/01\/heroimage_b_f_250217_06-1-300x300.jpg\" class=\"show-on-hover absolute fill hide-for-small back-image\" alt=\"\" \/>\t\t\t\t<\/a>\n\t\t\t<\/div>\n\t\t\t<div class=\"image-tools is-small top right show-on-hover\">\n\t\t\t\t\t\t\t<\/div>\n\t\t\t<div class=\"image-tools is-small hide-for-small bottom left show-on-hover\">\n\t\t\t\t\t\t\t<\/div>\n\t\t\t<div class=\"image-tools grid-tools text-center hide-for-small bottom hover-slide-in show-on-hover\">\n\t\t\t\t  <a class=\"quick-view\" data-prod=\"533\" href=\"#quick-view\">Quick View<\/a>\t\t\t<\/div>\n\t\t\t\t\t<\/div>\n\n\t\t<div class=\"box-text box-text-products\">\n\t\t\t<div class=\"title-wrapper\">\t\t<p class=\"category uppercase is-smaller no-text-overflow product-cat op-7\">\n\t\t\tGi\u00e0y c\u1ea7u l\u00f4ng\t\t<\/p>\n\t<p class=\"name product-title woocommerce-loop-product__title\"><a href=\"https:\/\/shopgsb.azdigi.shop\/?product=giay-cau-long-yonex-power-cushion-65z\" class=\"woocommerce-LoopProduct-link woocommerce-loop-product__link\">Gi\u00e0y c\u1ea7u l\u00f4ng Yonex Power Cushion 65Z<\/a><\/p><\/div><div class=\"price-wrapper\">\n\t<span class=\"price\"><span class=\"woocommerce-Price-amount amount\" aria-hidden=\"true\"><bdi>2.749.000&nbsp;<span class=\"woocommerce-Price-currencySymbol\">&#8363;<\/span><\/bdi><\/span> <span aria-hidden=\"true\">&ndash;<\/span> <span class=\"woocommerce-Price-amount amount\" aria-hidden=\"true\"><bdi>3.814.400&nbsp;<span class=\"woocommerce-Price-currencySymbol\">&#8363;<\/span><\/bdi><\/span><span class=\"screen-reader-text\">Kho\u1ea3ng gi\u00e1: t\u1eeb 2.749.000&nbsp;&#8363; \u0111\u1ebfn 3.814.400&nbsp;&#8363;<\/span><\/span>\n\n<div class=\"rate\">\n <span class=\"point\">4.9\/5 <i class=\"icon-star\"><\/i><\/span>\n                <span class=\"total-rate\">221 \u0111\u00e1nh gi\u00e1<\/span>\n<\/div>\n\n<\/div>\t\t<\/div>\n\t<\/div>\n\t\t<\/div>\n<\/div>\n<\/div><!-- row --><\/div>\n","protected":false},"excerpt":{"rendered":"","protected":false},"author":1,"featured_media":0,"parent":0,"menu_order":0,"comment_status":"closed","ping_status":"closed","template":"","meta":{"_uf_show_specific_survey":0,"_uf_disable_surveys":false,"footnotes":""},"class_list":["post-464","page","type-page","status-publish","hentry"],"aioseo_notices":[],"yoast_head":"<!-- This site is optimized with the Yoast SEO plugin v26.8 - https:\/\/yoast.com\/product\/yoast-seo-wordpress\/ -->\n<title>Gi\u00e0y c\u1ea7u l\u00f4ng - Shop c\u1ea7u l\u00f4ng GS<\/title>\n<meta name=\"robots\" content=\"index, follow, max-snippet:-1, max-image-preview:large, max-video-preview:-1\" \/>\n<link rel=\"canonical\" href=\"https:\/\/shopgsb.azdigi.shop\/?page_id=464\" \/>\n<meta property=\"og:locale\" content=\"vi_VN\" \/>\n<meta property=\"og:type\" content=\"article\" \/>\n<meta property=\"og:title\" content=\"Gi\u00e0y c\u1ea7u l\u00f4ng - Shop c\u1ea7u l\u00f4ng GS\" \/>\n<meta property=\"og:url\" content=\"https:\/\/shopgsb.azdigi.shop\/?page_id=464\" \/>\n<meta property=\"og:site_name\" content=\"Shop c\u1ea7u l\u00f4ng GS\" \/>\n<meta property=\"article:modified_time\" content=\"2026-04-03T12:51:04+00:00\" \/>\n<meta name=\"twitter:card\" content=\"summary_large_image\" \/>\n<script type=\"application\/ld+json\" class=\"yoast-schema-graph\">{\"@context\":\"https:\/\/schema.org\",\"@graph\":[{\"@type\":\"WebPage\",\"@id\":\"https:\/\/shopgsb.azdigi.shop\/?page_id=464\",\"url\":\"https:\/\/shopgsb.azdigi.shop\/?page_id=464\",\"name\":\"Gi\u00e0y c\u1ea7u l\u00f4ng - Shop c\u1ea7u l\u00f4ng GS\",\"isPartOf\":{\"@id\":\"https:\/\/shopgsb.azdigi.shop\/#website\"},\"datePublished\":\"2026-03-22T04:22:29+00:00\",\"dateModified\":\"2026-04-03T12:51:04+00:00\",\"breadcrumb\":{\"@id\":\"https:\/\/shopgsb.azdigi.shop\/?page_id=464#breadcrumb\"},\"inLanguage\":\"vi\",\"potentialAction\":[{\"@type\":\"ReadAction\",\"target\":[\"https:\/\/shopgsb.azdigi.shop\/?page_id=464\"]}]},{\"@type\":\"BreadcrumbList\",\"@id\":\"https:\/\/shopgsb.azdigi.shop\/?page_id=464#breadcrumb\",\"itemListElement\":[{\"@type\":\"ListItem\",\"position\":1,\"name\":\"Trang ch\u1ee7\",\"item\":\"https:\/\/shopgsb.azdigi.shop\/\"},{\"@type\":\"ListItem\",\"position\":2,\"name\":\"Gi\u00e0y c\u1ea7u l\u00f4ng\"}]},{\"@type\":\"WebSite\",\"@id\":\"https:\/\/shopgsb.azdigi.shop\/#website\",\"url\":\"https:\/\/shopgsb.azdigi.shop\/\",\"name\":\"Shop c\u1ea7u l\u00f4ng GS\",\"description\":\"\",\"potentialAction\":[{\"@type\":\"SearchAction\",\"target\":{\"@type\":\"EntryPoint\",\"urlTemplate\":\"https:\/\/shopgsb.azdigi.shop\/?s={search_term_string}\"},\"query-input\":{\"@type\":\"PropertyValueSpecification\",\"valueRequired\":true,\"valueName\":\"search_term_string\"}}],\"inLanguage\":\"vi\"}]}<\/script>\n<!-- \/ Yoast SEO plugin. -->","yoast_head_json":{"title":"Gi\u00e0y c\u1ea7u l\u00f4ng - Shop c\u1ea7u l\u00f4ng GS","robots":{"index":"index","follow":"follow","max-snippet":"max-snippet:-1","max-image-preview":"max-image-preview:large","max-video-preview":"max-video-preview:-1"},"canonical":"https:\/\/shopgsb.azdigi.shop\/?page_id=464","og_locale":"vi_VN","og_type":"article","og_title":"Gi\u00e0y c\u1ea7u l\u00f4ng - Shop c\u1ea7u l\u00f4ng GS","og_url":"https:\/\/shopgsb.azdigi.shop\/?page_id=464","og_site_name":"Shop c\u1ea7u l\u00f4ng GS","article_modified_time":"2026-04-03T12:51:04+00:00","twitter_card":"summary_large_image","schema":{"@context":"https:\/\/schema.org","@graph":[{"@type":"WebPage","@id":"https:\/\/shopgsb.azdigi.shop\/?page_id=464","url":"https:\/\/shopgsb.azdigi.shop\/?page_id=464","name":"Gi\u00e0y c\u1ea7u l\u00f4ng - Shop c\u1ea7u l\u00f4ng GS","isPartOf":{"@id":"https:\/\/shopgsb.azdigi.shop\/#website"},"datePublished":"2026-03-22T04:22:29+00:00","dateModified":"2026-04-03T12:51:04+00:00","breadcrumb":{"@id":"https:\/\/shopgsb.azdigi.shop\/?page_id=464#breadcrumb"},"inLanguage":"vi","potentialAction":[{"@type":"ReadAction","target":["https:\/\/shopgsb.azdigi.shop\/?page_id=464"]}]},{"@type":"BreadcrumbList","@id":"https:\/\/shopgsb.azdigi.shop\/?page_id=464#breadcrumb","itemListElement":[{"@type":"ListItem","position":1,"name":"Trang ch\u1ee7","item":"https:\/\/shopgsb.azdigi.shop\/"},{"@type":"ListItem","position":2,"name":"Gi\u00e0y c\u1ea7u l\u00f4ng"}]},{"@type":"WebSite","@id":"https:\/\/shopgsb.azdigi.shop\/#website","url":"https:\/\/shopgsb.azdigi.shop\/","name":"Shop c\u1ea7u l\u00f4ng GS","description":"","potentialAction":[{"@type":"SearchAction","target":{"@type":"EntryPoint","urlTemplate":"https:\/\/shopgsb.azdigi.shop\/?s={search_term_string}"},"query-input":{"@type":"PropertyValueSpecification","valueRequired":true,"valueName":"search_term_string"}}],"inLanguage":"vi"}]}},"_links":{"self":[{"href":"https:\/\/shopgsb.azdigi.shop\/index.php?rest_route=\/wp\/v2\/pages\/464","targetHints":{"allow":["GET"]}}],"collection":[{"href":"https:\/\/shopgsb.azdigi.shop\/index.php?rest_route=\/wp\/v2\/pages"}],"about":[{"href":"https:\/\/shopgsb.azdigi.shop\/index.php?rest_route=\/wp\/v2\/types\/page"}],"author":[{"embeddable":true,"href":"https:\/\/shopgsb.azdigi.shop\/index.php?rest_route=\/wp\/v2\/users\/1"}],"replies":[{"embeddable":true,"href":"https:\/\/shopgsb.azdigi.shop\/index.php?rest_route=%2Fwp%2Fv2%2Fcomments&post=464"}],"version-history":[{"count":5,"href":"https:\/\/shopgsb.azdigi.shop\/index.php?rest_route=\/wp\/v2\/pages\/464\/revisions"}],"predecessor-version":[{"id":881,"href":"https:\/\/shopgsb.azdigi.shop\/index.php?rest_route=\/wp\/v2\/pages\/464\/revisions\/881"}],"wp:attachment":[{"href":"https:\/\/shopgsb.azdigi.shop\/index.php?rest_route=%2Fwp%2Fv2%2Fmedia&parent=464"}],"curies":[{"name":"wp","href":"https:\/\/api.w.org\/{rel}","templated":true}]}}