{"id":67,"date":"2026-01-24T13:41:03","date_gmt":"2026-01-24T13:41:03","guid":{"rendered":"http:\/\/localhost\/son\/?page_id=67"},"modified":"2026-03-29T02:31:28","modified_gmt":"2026-03-29T02:31:28","slug":"lien-he","status":"publish","type":"page","link":"https:\/\/shopgsb.azdigi.shop\/?page_id=67","title":{"rendered":"LI\u00caN H\u1ec6"},"content":{"rendered":"<div class=\"row\"  id=\"row-373336010\">\n\n\t<div id=\"col-724449237\" class=\"col small-12 large-12\"  >\n\t\t\t\t<div class=\"col-inner\"  >\n\t\t\t\n\t\t\t\n<p>\u00a0<\/p>\n<p>\u00a0<\/p>\n<h2><strong>N\u01a0I GI\u1ea2I \u0110\u00c1P M\u1eccI TH\u1eaeC M\u1eaeC C\u1ee6A B\u1ea0N?<\/strong><\/h2>\n<p><strong>Hotline: <span style=\"color: #ed1c24;\"><a href=\"http:\/\/0347998950\" data-wplink-url-error=\"true\">0347998950<\/a> | <a href=\"http:\/\/0985428610\" data-wplink-url-error=\"true\">0985428610<\/a><\/span><\/strong><\/p>\n<p><strong>Email: <span style=\"color: #ed1c24;\"><a style=\"color: #ed1c24;\" href=\"mailto:gsbadminton@gmail.com\">gsbadminton@gmail.com<\/a><\/span><\/strong><\/p>\n<h2><strong>\u0110\u1ec2 L\u1ea0I TH\u00d4NG TIN C\u1ee6A B\u1ea0N V\u00c0 CH\u00daNG T\u00d4I S\u1ebc H\u1ed6 TR\u1ee2 24\/24<\/strong><\/h2>\n<style id=\"wpforms-css-vars-404\">\n\t\t\t\t#wpforms-404 {\n\t\t\t\t--wpforms-field-border-color: rgba(0, 0, 0, 0.25);\n--wpforms-field-border-color-spare: rgba(0, 0, 0, 0.25);\n--wpforms-field-text-color: rgba(0, 0, 0, 0.7);\n--wpforms-label-color: rgba(0, 0, 0, 0.85);\n--wpforms-label-sublabel-color: rgba(0, 0, 0, 0.55);\n--wpforms-container-padding: 0px;\n--wpforms-container-border-width: 1px;\n--wpforms-container-border-radius: 3px;\n--wpforms-background-color: rgba(0, 0, 0, 0);\n--wpforms-field-size-input-height: 43px;\n--wpforms-field-size-input-spacing: 15px;\n--wpforms-field-size-font-size: 16px;\n--wpforms-field-size-line-height: 19px;\n--wpforms-field-size-padding-h: 14px;\n--wpforms-field-size-checkbox-size: 16px;\n--wpforms-field-size-sublabel-spacing: 5px;\n--wpforms-field-size-icon-size: 1;\n--wpforms-label-size-font-size: 16px;\n--wpforms-label-size-line-height: 19px;\n--wpforms-label-size-sublabel-font-size: 14px;\n--wpforms-label-size-sublabel-line-height: 17px;\n--wpforms-button-size-font-size: 17px;\n--wpforms-button-size-height: 41px;\n--wpforms-button-size-padding-h: 15px;\n--wpforms-button-size-margin-top: 10px;\n--wpforms-container-shadow-size-box-shadow: none;\n\t\t\t}\n\t\t\t<\/style><div class=\"wpforms-container wpforms-container-full wpforms-render-modern\" id=\"wpforms-404\"><form id=\"wpforms-form-404\" class=\"wpforms-validate wpforms-form wpforms-ajax-form\" data-formid=\"404\" method=\"post\" enctype=\"multipart\/form-data\" action=\"\/index.php?rest_route=%2Fwp%2Fv2%2Fpages%2F67\" data-token=\"d9710542cd92c1314b1ffc5ae1dd12a0\" data-token-time=\"1776847497\"><noscript class=\"wpforms-error-noscript\">Vui l\u00f2ng b\u1eadt JavaScript trong tr\u00ecnh duy\u1ec7t c\u1ee7a b\u1ea1n \u0111\u1ec3 ho\u00e0n th\u00e0nh Form n\u00e0y.<\/noscript><div id=\"wpforms-error-noscript\" style=\"display: none;\">Vui l\u00f2ng b\u1eadt JavaScript trong tr\u00ecnh duy\u1ec7t c\u1ee7a b\u1ea1n \u0111\u1ec3 ho\u00e0n th\u00e0nh Form n\u00e0y.<\/div><div class=\"wpforms-field-container\"><div id=\"wpforms-404-field_1-container\" class=\"wpforms-field wpforms-field-name\" data-field-id=\"1\"><fieldset><legend class=\"wpforms-field-label\">T\u00ean <span class=\"wpforms-required-label\" aria-hidden=\"true\">*<\/span><\/legend><div class=\"wpforms-field-row wpforms-field-medium\"><div class=\"wpforms-field-row-block wpforms-first wpforms-one-half\"><input type=\"text\" id=\"wpforms-404-field_1\" class=\"wpforms-field-name-first wpforms-field-required\" name=\"wpforms[fields][1][first]\" aria-errormessage=\"wpforms-404-field_1-error\" required><label for=\"wpforms-404-field_1\" class=\"wpforms-field-sublabel after\">T\u00ean<\/label><\/div><div class=\"wpforms-field-row-block wpforms-one-half\"><input type=\"text\" id=\"wpforms-404-field_1-last\" class=\"wpforms-field-name-last wpforms-field-required\" name=\"wpforms[fields][1][last]\" aria-errormessage=\"wpforms-404-field_1-last-error\" required><label for=\"wpforms-404-field_1-last\" class=\"wpforms-field-sublabel after\">H\u1ecd<\/label><\/div><\/div><\/fieldset><\/div><div id=\"wpforms-404-field_6-container\" class=\"wpforms-field wpforms-field-number\" data-field-id=\"6\"><label class=\"wpforms-field-label\" for=\"wpforms-404-field_6\">S\u1ed1 \u0111i\u1ec7n tho\u1ea1i <span class=\"wpforms-required-label\" aria-hidden=\"true\">*<\/span><\/label><input type=\"number\" id=\"wpforms-404-field_6\" class=\"wpforms-field-medium wpforms-field-required\" name=\"wpforms[fields][6]\" step=\"any\" aria-errormessage=\"wpforms-404-field_6-error\" required><\/div>\t\t<div id=\"wpforms-404-field_4-container\"\n\t\t\tclass=\"wpforms-field wpforms-field-text\"\n\t\t\tdata-field-type=\"text\"\n\t\t\tdata-field-id=\"4\"\n\t\t\t>\n\t\t\t<label class=\"wpforms-field-label\" for=\"wpforms-404-field_4\" >tho\u1ea1i b\u1ea1n T\u00ean<\/label>\n\t\t\t<input type=\"text\" id=\"wpforms-404-field_4\" class=\"wpforms-field-medium\" name=\"wpforms[fields][4]\" >\n\t\t<\/div>\n\t\t<div id=\"wpforms-404-field_2-container\" class=\"wpforms-field wpforms-field-email\" data-field-id=\"2\"><label class=\"wpforms-field-label\" for=\"wpforms-404-field_2\">Email <span class=\"wpforms-required-label\" aria-hidden=\"true\">*<\/span><\/label><input type=\"email\" id=\"wpforms-404-field_2\" class=\"wpforms-field-medium wpforms-field-required\" name=\"wpforms[fields][2]\" spellcheck=\"false\" aria-errormessage=\"wpforms-404-field_2-error\" required><\/div><div id=\"wpforms-404-field_3-container\" class=\"wpforms-field wpforms-field-textarea\" data-field-id=\"3\"><label class=\"wpforms-field-label\" for=\"wpforms-404-field_3\">Mong mu\u1ed1n c\u1ee7a b\u1ea1n<\/label><textarea id=\"wpforms-404-field_3\" class=\"wpforms-field-medium\" name=\"wpforms[fields][3]\" aria-errormessage=\"wpforms-404-field_3-error\" ><\/textarea><\/div><script>\n\t\t\t\t( function() {\n\t\t\t\t\tconst style = document.createElement( 'style' );\n\t\t\t\t\tstyle.appendChild( document.createTextNode( '#wpforms-404-field_4-container { position: absolute !important; overflow: hidden !important; display: inline !important; height: 1px !important; width: 1px !important; z-index: -1000 !important; padding: 0 !important; } #wpforms-404-field_4-container input { visibility: hidden; } #wpforms-conversational-form-page #wpforms-404-field_4-container label { counter-increment: none; }' ) );\n\t\t\t\t\tdocument.head.appendChild( style );\n\t\t\t\t\tdocument.currentScript?.remove();\n\t\t\t\t} )();\n\t\t\t<\/script><\/div><!-- .wpforms-field-container --><div class=\"wpforms-submit-container\" ><input type=\"hidden\" name=\"wpforms[id]\" value=\"404\"><input type=\"hidden\" name=\"page_title\" value=\"\"><input type=\"hidden\" name=\"page_url\" value=\"https:\/\/shopgsb.azdigi.shop\/index.php?rest_route=\/wp\/v2\/pages\/67\"><input type=\"hidden\" name=\"url_referer\" value=\"\"><button type=\"submit\" name=\"wpforms[submit]\" id=\"wpforms-submit-404\" class=\"wpforms-submit\" data-alt-text=\"\u0110ang g\u1eedi...\" data-submit-text=\"G\u1eedi\" aria-live=\"assertive\" value=\"wpforms-submit\">G\u1eedi<\/button><img loading=\"lazy\" decoding=\"async\" src=\"https:\/\/shopgsb.azdigi.shop\/wp-content\/plugins\/wpforms-lite\/assets\/images\/submit-spin.svg\" class=\"wpforms-submit-spinner\" style=\"display: none;\" width=\"26\" height=\"26\" alt=\"\u0110ang t\u1ea3i\"><\/div><\/form><\/div>  <!-- .wpforms-container -->\n<p>\u00a0<\/p>\n\t\t<\/div>\n\t\t\t\t\t<\/div>\n\n\t\n<\/div>\n\t<section class=\"section\" id=\"section_1015716821\">\n\t\t<div class=\"bg section-bg fill bg-fill  bg-loaded\" >\n\n\t\t\t\n\t\t\t\n\t\t\t\n\n\t\t<\/div>\n\n\t\t<div class=\"section-content relative\">\n\t\t\t\n<div class=\"row\"  id=\"row-1542105687\">\n\n\t<div id=\"col-1957673108\" class=\"col small-12 large-12\"  >\n\t\t\t\t<div class=\"col-inner\"  >\n\t\t\t\n\t\t\t\n<p><iframe src=\"https:\/\/www.google.com\/maps\/embed?pb=!1m18!1m12!1m3!1d3918.8582379826526!2d106.68427047480563!3d10.822158889329419!2m3!1f0!2f0!3f0!3m2!1i1024!2i768!4f13.1!3m3!1m2!1s0x3174deb3ef536f31%3A0x8b7bb8b7c956157b!2zVHLGsOG7nW5nIMSQ4bqhaSBo4buNYyBDw7RuZyBuZ2hp4buHcCBUUC5IQ00!5e0!3m2!1svi!2s!4v1774751445159!5m2!1svi!2s\" width=\"600\" height=\"450\" style=\"border:0;\" allowfullscreen=\"\" loading=\"lazy\" referrerpolicy=\"no-referrer-when-downgrade\"><\/iframe><\/p>\n\t\t<\/div>\n\t\t\t\t\t<\/div>\n\n\t\n<\/div>\n\t\t<\/div>\n\n\t\t\n<style>\n#section_1015716821 {\n  padding-top: 30px;\n  padding-bottom: 30px;\n}\n<\/style>\n\t<\/section>\n\t\n","protected":false},"excerpt":{"rendered":"","protected":false},"author":1,"featured_media":0,"parent":0,"menu_order":0,"comment_status":"closed","ping_status":"closed","template":"","meta":{"_uf_show_specific_survey":0,"_uf_disable_surveys":false,"footnotes":""},"class_list":["post-67","page","type-page","status-publish","hentry"],"aioseo_notices":[],"yoast_head":"<!-- This site is optimized with the Yoast SEO plugin v26.8 - https:\/\/yoast.com\/product\/yoast-seo-wordpress\/ -->\n<title>LI\u00caN H\u1ec6 - Shop c\u1ea7u l\u00f4ng GS<\/title>\n<meta name=\"robots\" content=\"index, follow, max-snippet:-1, max-image-preview:large, max-video-preview:-1\" \/>\n<link rel=\"canonical\" href=\"https:\/\/shopgsb.azdigi.shop\/?page_id=67\" \/>\n<meta property=\"og:locale\" content=\"vi_VN\" \/>\n<meta property=\"og:type\" content=\"article\" \/>\n<meta property=\"og:title\" content=\"LI\u00caN H\u1ec6 - Shop c\u1ea7u l\u00f4ng GS\" \/>\n<meta property=\"og:url\" content=\"https:\/\/shopgsb.azdigi.shop\/?page_id=67\" \/>\n<meta property=\"og:site_name\" content=\"Shop c\u1ea7u l\u00f4ng GS\" \/>\n<meta property=\"article:modified_time\" content=\"2026-03-29T02:31:28+00:00\" \/>\n<meta name=\"twitter:card\" content=\"summary_large_image\" \/>\n<script type=\"application\/ld+json\" class=\"yoast-schema-graph\">{\"@context\":\"https:\/\/schema.org\",\"@graph\":[{\"@type\":\"WebPage\",\"@id\":\"https:\/\/shopgsb.azdigi.shop\/?page_id=67\",\"url\":\"https:\/\/shopgsb.azdigi.shop\/?page_id=67\",\"name\":\"LI\u00caN H\u1ec6 - Shop c\u1ea7u l\u00f4ng GS\",\"isPartOf\":{\"@id\":\"https:\/\/shopgsb.azdigi.shop\/#website\"},\"datePublished\":\"2026-01-24T13:41:03+00:00\",\"dateModified\":\"2026-03-29T02:31:28+00:00\",\"breadcrumb\":{\"@id\":\"https:\/\/shopgsb.azdigi.shop\/?page_id=67#breadcrumb\"},\"inLanguage\":\"vi\",\"potentialAction\":[{\"@type\":\"ReadAction\",\"target\":[\"https:\/\/shopgsb.azdigi.shop\/?page_id=67\"]}]},{\"@type\":\"BreadcrumbList\",\"@id\":\"https:\/\/shopgsb.azdigi.shop\/?page_id=67#breadcrumb\",\"itemListElement\":[{\"@type\":\"ListItem\",\"position\":1,\"name\":\"Trang ch\u1ee7\",\"item\":\"https:\/\/shopgsb.azdigi.shop\/\"},{\"@type\":\"ListItem\",\"position\":2,\"name\":\"LI\u00caN H\u1ec6\"}]},{\"@type\":\"WebSite\",\"@id\":\"https:\/\/shopgsb.azdigi.shop\/#website\",\"url\":\"https:\/\/shopgsb.azdigi.shop\/\",\"name\":\"Shop c\u1ea7u l\u00f4ng GS\",\"description\":\"\",\"potentialAction\":[{\"@type\":\"SearchAction\",\"target\":{\"@type\":\"EntryPoint\",\"urlTemplate\":\"https:\/\/shopgsb.azdigi.shop\/?s={search_term_string}\"},\"query-input\":{\"@type\":\"PropertyValueSpecification\",\"valueRequired\":true,\"valueName\":\"search_term_string\"}}],\"inLanguage\":\"vi\"}]}<\/script>\n<!-- \/ Yoast SEO plugin. -->","yoast_head_json":{"title":"LI\u00caN H\u1ec6 - Shop c\u1ea7u l\u00f4ng GS","robots":{"index":"index","follow":"follow","max-snippet":"max-snippet:-1","max-image-preview":"max-image-preview:large","max-video-preview":"max-video-preview:-1"},"canonical":"https:\/\/shopgsb.azdigi.shop\/?page_id=67","og_locale":"vi_VN","og_type":"article","og_title":"LI\u00caN H\u1ec6 - Shop c\u1ea7u l\u00f4ng GS","og_url":"https:\/\/shopgsb.azdigi.shop\/?page_id=67","og_site_name":"Shop c\u1ea7u l\u00f4ng GS","article_modified_time":"2026-03-29T02:31:28+00:00","twitter_card":"summary_large_image","schema":{"@context":"https:\/\/schema.org","@graph":[{"@type":"WebPage","@id":"https:\/\/shopgsb.azdigi.shop\/?page_id=67","url":"https:\/\/shopgsb.azdigi.shop\/?page_id=67","name":"LI\u00caN H\u1ec6 - Shop c\u1ea7u l\u00f4ng GS","isPartOf":{"@id":"https:\/\/shopgsb.azdigi.shop\/#website"},"datePublished":"2026-01-24T13:41:03+00:00","dateModified":"2026-03-29T02:31:28+00:00","breadcrumb":{"@id":"https:\/\/shopgsb.azdigi.shop\/?page_id=67#breadcrumb"},"inLanguage":"vi","potentialAction":[{"@type":"ReadAction","target":["https:\/\/shopgsb.azdigi.shop\/?page_id=67"]}]},{"@type":"BreadcrumbList","@id":"https:\/\/shopgsb.azdigi.shop\/?page_id=67#breadcrumb","itemListElement":[{"@type":"ListItem","position":1,"name":"Trang ch\u1ee7","item":"https:\/\/shopgsb.azdigi.shop\/"},{"@type":"ListItem","position":2,"name":"LI\u00caN H\u1ec6"}]},{"@type":"WebSite","@id":"https:\/\/shopgsb.azdigi.shop\/#website","url":"https:\/\/shopgsb.azdigi.shop\/","name":"Shop c\u1ea7u l\u00f4ng GS","description":"","potentialAction":[{"@type":"SearchAction","target":{"@type":"EntryPoint","urlTemplate":"https:\/\/shopgsb.azdigi.shop\/?s={search_term_string}"},"query-input":{"@type":"PropertyValueSpecification","valueRequired":true,"valueName":"search_term_string"}}],"inLanguage":"vi"}]}},"_links":{"self":[{"href":"https:\/\/shopgsb.azdigi.shop\/index.php?rest_route=\/wp\/v2\/pages\/67","targetHints":{"allow":["GET"]}}],"collection":[{"href":"https:\/\/shopgsb.azdigi.shop\/index.php?rest_route=\/wp\/v2\/pages"}],"about":[{"href":"https:\/\/shopgsb.azdigi.shop\/index.php?rest_route=\/wp\/v2\/types\/page"}],"author":[{"embeddable":true,"href":"https:\/\/shopgsb.azdigi.shop\/index.php?rest_route=\/wp\/v2\/users\/1"}],"replies":[{"embeddable":true,"href":"https:\/\/shopgsb.azdigi.shop\/index.php?rest_route=%2Fwp%2Fv2%2Fcomments&post=67"}],"version-history":[{"count":5,"href":"https:\/\/shopgsb.azdigi.shop\/index.php?rest_route=\/wp\/v2\/pages\/67\/revisions"}],"predecessor-version":[{"id":867,"href":"https:\/\/shopgsb.azdigi.shop\/index.php?rest_route=\/wp\/v2\/pages\/67\/revisions\/867"}],"wp:attachment":[{"href":"https:\/\/shopgsb.azdigi.shop\/index.php?rest_route=%2Fwp%2Fv2%2Fmedia&parent=67"}],"curies":[{"name":"wp","href":"https:\/\/api.w.org\/{rel}","templated":true}]}}