{"id":516,"date":"2026-03-23T12:58:26","date_gmt":"2026-03-23T12:58:26","guid":{"rendered":"https:\/\/shopgsb.azdigi.shop\/?post_type=product&#038;p=516"},"modified":"2026-04-12T05:06:19","modified_gmt":"2026-04-12T05:06:19","slug":"halbertec-small-motor-pink","status":"publish","type":"product","link":"https:\/\/shopgsb.azdigi.shop\/?product=halbertec-small-motor-pink","title":{"rendered":"V\u1ee3t c\u1ea7u l\u00f4ng Halbertec Small Motor Pink &#8211; Ch\u00ednh h\u00e3ng"},"content":{"rendered":"<h3 data-start=\"672\" data-end=\"721\"><strong>1. \u0110i\u1ec3m n\u1ed5i b\u1eadt c\u1ee7a Halbertec Small Motor Pink<\/strong><\/h3>\n<p data-start=\"723\" data-end=\"759\"><strong>Thi\u1ebft k\u1ebf tinh t\u1ebf &amp; phong c\u00e1ch<\/strong>:\u00a0<strong>V\u1ee3t C\u1ea7u L\u00f4ng\u00a0<a href=\"https:\/\/shopgsb.azdigi.shop\/?p=275\">Li-Ning Halbertec Small Motor Pink<\/a>\u00a0<\/strong> l\u00e0 s\u1ea3n ph\u1ea9m thu\u1ed9c\u00a0\u00a0ph\u00e2n kh\u00fac t\u1ea7m trung c\u1ee7a d\u00f2ng Halbertec \u00a0h\u01b0\u1edbng \u0111\u1ebfn c\u00e1c \u0111\u1ed1i t\u01b0\u1ee3ng ng\u01b0\u1eddi ch\u01a1i mu\u1ed1n t\u00ecm cho m\u00ecnh m\u1ed9t c\u00e2y v\u1ee3t ch\u1ea5t l\u01b0\u1ee3ng gi\u00e1 th\u00e0nh ph\u00f9 h\u1ee3p . V\u1edbi\u00a0\u00a02 phi\u00ean b\u1ea3n s\u1eafc : M\u00e0u tr\u1eafng v\u00e0 m\u00e0u \u0111\u1ecf, \u0111\u01b0\u1ee3c thi\u1ebft k\u1ebf v\u00f4 c\u00f9ng b\u1eaft m\u1eaft v\u1edbi nh\u1eefng chi ti\u1ebft hi\u1ec7n \u0111\u1ea1i, v\u1eeba \u1ea5n t\u01b0\u1ee3ng l\u1ea1i h\u00e0i h\u00f2a, tr\u1ebb trung mang phong c\u00e1ch th\u1eddi th\u01b0\u1ee3ng.<\/p>\n<p data-start=\"723\" data-end=\"759\"><strong>Tr\u1ecdng l\u01b0\u1ee3ng si\u00eau nh\u1eb9<\/strong><\/p>\n<p data-start=\"995\" data-end=\"1043\">V\u1ee3t thu\u1ed9c ph\u00e2n kh\u00fac\u00a0<em data-start=\"1015\" data-end=\"1025\">si\u00eau nh\u1eb9<\/em>, gi\u00fap ng\u01b0\u1eddi ch\u01a1i:<\/p>\n<ul data-start=\"1044\" data-end=\"1161\">\n<li data-start=\"1044\" data-end=\"1063\">\n<p data-start=\"1046\" data-end=\"1063\">Ph\u1ea3n x\u1ea1 nhanh h\u01a1n<\/p>\n<\/li>\n<li data-start=\"1064\" data-end=\"1096\">\n<p data-start=\"1066\" data-end=\"1096\">Gi\u1ea3m m\u1ecfi tay khi t\u1eadp luy\u1ec7n d\u00e0i<\/p>\n<\/li>\n<li data-start=\"1097\" data-end=\"1161\">\n<p data-start=\"1099\" data-end=\"1161\">Ki\u1ec3m so\u00e1t c\u1ea7u hi\u1ec7u qu\u1ea3, \u0111\u1eb7c bi\u1ec7t trong l\u1ed1i \u0111\u00e1nh t\u1ea5n c\u00f4ng nhanh<\/p>\n<\/li>\n<\/ul>\n<p data-start=\"1163\" data-end=\"1188\"><strong>\u00a0C\u00e2n b\u1eb1ng linh ho\u1ea1t:\u00a0<\/strong>\u0110i\u1ec3m c\u00e2n b\u1eb1ng trung t\u00ednh ho\u1eb7c h\u01a1i nh\u1eb9 \u0111\u1ea7u gi\u00fap v\u1ee3t Halbertec Small Motor Pink tr\u1edf n\u00ean\u00a0<strong data-start=\"1275\" data-end=\"1319\">linh ho\u1ea1t trong c\u1ea3 ph\u00f2ng th\u1ee7 v\u00e0 t\u1ea5n c\u00f4ng<\/strong>\u00a0\u2014 ph\u00f9 h\u1ee3p cho \u0111a s\u1ed1 ng\u01b0\u1eddi ch\u01a1i.<\/p>\n<p data-start=\"1353\" data-end=\"1405\"><strong>Ph\u00f9 h\u1ee3p cho ng\u01b0\u1eddi m\u1edbi &amp; tr\u00ecnh \u0111\u1ed9 trung b\u00ecnh:\u00a0<\/strong>Kh\u00f4ng qu\u00e1 k\u00e9n l\u1ef1c tay, v\u1ee3t h\u1ed7 tr\u1ee3 t\u1ed1t cho ng\u01b0\u1eddi m\u1edbi h\u1ecdc k\u1ef9 thu\u1eadt, mu\u1ed1n n\u00e2ng tr\u00ecnh qua t\u1eebng tr\u1eadn \u0111\u1ea5u.<\/p>\n<h3><strong>2. Th\u00f4ng s\u1ed1 k\u0129 thu\u1eadt Halbertec Small Motor Pink<\/strong><\/h3>\n<p>-Tr\u1ecdng l\u01b0\u1ee3ng \u0111\u1ea7u v\u1ee3t :41g<br \/>\n-Tr\u1ecdng l\u01b0\u1ee3ng: 5U ( 79+-1g)<br \/>\n-\u0110i\u1ec3m c\u00e2n b\u1eb1ng: 295+\/-1mm<br \/>\n-\u0110i\u1ec3m Swing: 87.5\u00a0kg\/cm2<br \/>\n-\u0110\u1ed9 c\u1ee9ng :H\u01a1i D\u1ebbo<br \/>\n-Tay c\u1ea7m : G5<br \/>\n-S\u1ee9c c\u0103ng t\u1ed1i \u0111a: \u00a031LBS<\/p>\n<h3><strong>3.\u00a0<em>C\u00f4ng ngh\u1ec7 v\u1ee3t Li-Ning\u00a0\u00a0Halberd Small Motor Pink<\/em><\/strong><\/h3>\n<p><em><strong>-STD-MODULUS GRAPHITE:\u00a0<\/strong><\/em>l\u00e0 c\u00f4ng ngh\u1ec7 c\u1ee7a v\u1ee3t c\u1ea7u l\u00f4ng Lining s\u1eed d\u1ee5ng ch\u1ea5t li\u1ec7u carbon cao c\u1ea5p v\u1edbi \u0111\u1ed9 b\u1ec1n b\u1ec9 v\u00e0 \u0111\u1ed9 c\u1ee9ng c\u00e1p v\u01b0\u1ee3t tr\u1ed9i, cho ph\u00e9p khung v\u00e0 th\u00e2n v\u1ee3t ch\u1ecbu l\u1ef1c t\u1ed1t h\u01a1n, ch\u1ecbu \u0111\u01b0\u1ee3c c\u00e1c t\u00e1c \u0111\u1ed9ng nh\u1ecf \u0111\u1ec3 h\u1ea1n ch\u1ebf t\u00ecnh tr\u1ea1ng n\u1ee9t g\u00e3y khi g\u1eb7p va ch\u1ea1m c\u0169ng nh\u01b0 l\u00e0 c\u1ea3i thi\u1ec7n m\u1ee9c c\u0103ng ch\u1ecbu \u0111\u01b0\u1ee3c c\u1ee7a b\u1ed9 khung. Gi\u00fap m\u1ee9c c\u0103ng t\u1ed1i \u0111a t\u0103ng l\u00ean \u0111\u00e1ng k\u1ec3, \u0111\u00e1p \u1ee9ng c\u00e1c nhu c\u1ea7u \u0111an cao c\u1ee7a ng\u01b0\u1eddi ch\u01a1i..<\/p>\n<p><img decoding=\"async\" class=\"aligncenter\" src=\"https:\/\/cdn.shopvnb.com\/uploads\/images\/bai_viet\/vot-cau-long-lining-halbertec-motor-4-1727136144.webp\" alt=\"C\u00f4ng ngh\u1ec7 HIGH MODULUS GRAPHITE c\u1ee7a V\u1ee3t C\u1ea7u L\u00f4ng Lining Halbertec Motor\" \/><\/p>\n<p><em><strong>-SONIC BOOM SYSTEM:<\/strong><\/em>\u00a0Th\u00f4ng qua c\u00f4ng ngh\u1ec7 \u00e9p kh\u00ed gi\u00fap n\u00e2ng cao hi\u1ec7u \u1ee9ng si\u00eau \u00e2m c\u1ee7a khung v\u1ee3t, mang t\u1edbi c\u1ea3m gi\u00e1c \u0111\u00e1nh m\u1ea1nh, t\u1ed1c \u0111\u1ed9 c\u1ea7u nhanh. \u00c2m thanh c\u1ee7a v\u1ee3t \u0111\u00e1nh r\u00f5 r\u00e0ng v\u00e0 hi\u1ec7u \u1ee9ng \u00e2m thanh m\u1ea1nh m\u1ebd<\/p>\n<p><img decoding=\"async\" class=\"aligncenter\" src=\"https:\/\/cdn.shopvnb.com\/uploads\/images\/bai_viet\/vot-cau-long-lining-halbertec-motor-5-1727136145.webp\" alt=\"C\u00f4ng ngh\u1ec7 Sonic Boom System c\u1ee7a V\u1ee3t C\u1ea7u L\u00f4ng Lining Halbertec Motor\" \/><br \/>\n<strong><em>-7.0MM STD-MODULUS FLEXIBLE SHAFT<\/em><\/strong>: Lining s\u1eed d\u1ee5ng tr\u1ee5c m\u1ecfng 7.0 mm b\u1eb1ng v\u1eadt li\u1ec7u \u0111\u00e0n h\u1ed3i v\u00e0 k\u1ef9 thu\u1eadt th\u1ee7 c\u00f4ng \u0111\u1ed9c \u0111\u00e1o, gi\u00fap c\u1ea3i thi\u1ec7n t\u1ed1i \u01b0u hi\u1ec7u su\u1ea5t ph\u1ea3n h\u1ed3i v\u00e0 ch\u1ed1ng xo\u1eafn c\u1ee7a c\u00e2y v\u1ee3t c\u1ea7u l\u00f4ng \u0111\u1ec3 \u0111em l\u1ea1i kh\u1ea3 n\u0103ng truy\u1ec1n l\u1ef1c c\u0169ng nh\u01b0 ph\u1ea3n h\u1ed3i m\u1ed9t c\u00e1ch ch\u00ednh x\u00e1c, n\u00e2ng cao kh\u1ea3 n\u0103ng \u0111i\u1ec1u c\u1ea7u m\u1ed9t c\u00e1ch ch\u00ednh x\u00e1c \u0111\u1ec3 \u0111i theo \u00fd mu\u1ed1n c\u1ee7a ng\u01b0\u1eddi ch\u01a1i.<\/p>\n<p><img decoding=\"async\" class=\"aligncenter\" src=\"https:\/\/cdn.shopvnb.com\/uploads\/images\/bai_viet\/vot-cau-long-lining-halbertec-motor-3-1727136144.webp\" alt=\"C\u00f4ng ngh\u1ec7 High Tensile Slim Shaft c\u1ee7a V\u1ee3t C\u1ea7u L\u00f4ng Lining Halbertec Motor\" \/><br \/>\n<strong><em>-STABILIZED \u00a0LAYOUT\u00a0<\/em><\/strong>:G\u00f3c xo\u1eafn ch\u1ed1ng rung tr\u00ean khung v\u1ee3t t\u0103ng c\u01b0\u1eddng t\u00ednh \u1ed5n \u0111\u1ecbnh l\u1ef1c khi ti\u1ebfp x\u00fac c\u1ea7u, gi\u00fap b\u1ec1 m\u1eb7t v\u1ee3t \u1ed5n \u0111\u1ecbnh khi \u0111i\u1ec1u h\u01b0\u1edbng c\u1ea7u<\/p>\n<p><img decoding=\"async\" class=\"aligncenter\" src=\"https:\/\/file.hstatic.net\/200000099191\/file\/7acac15efe6bfa847c676330706ccb91772952c85649738ce031c2930237a665_grande.jpg\" \/><br \/>\n<strong><em>-SW BALANCE<\/em><\/strong>: Gi\u00fap khung v\u1ee3t t\u0103ng c\u01b0\u1eddng \u0111\u1ec1u s\u1ef1 c\u00e2n b\u1eb1ng h\u1ed7 tr\u1ee3 ki\u1ec3m so\u00e1t<\/p>\n<h3><strong>4. \u0110\u00e1nh gi\u00e1 hi\u1ec7u n\u0103ng<\/strong><\/h3>\n<p data-start=\"2121\" data-end=\"2136\">T\u1ea5n c\u00f4ng:<img decoding=\"async\" class=\"emoji\" role=\"img\" draggable=\"false\" src=\"https:\/\/s.w.org\/images\/core\/emoji\/17.0.2\/svg\/2b50.svg\" alt=\"\u2b50\ufe0f\" \/><img decoding=\"async\" class=\"emoji\" role=\"img\" draggable=\"false\" src=\"https:\/\/s.w.org\/images\/core\/emoji\/17.0.2\/svg\/2b50.svg\" alt=\"\u2b50\ufe0f\" \/><img decoding=\"async\" class=\"emoji\" role=\"img\" draggable=\"false\" src=\"https:\/\/s.w.org\/images\/core\/emoji\/17.0.2\/svg\/2b50.svg\" alt=\"\u2b50\ufe0f\" \/><img decoding=\"async\" class=\"emoji\" role=\"img\" draggable=\"false\" src=\"https:\/\/s.w.org\/images\/core\/emoji\/17.0.2\/svg\/2b50.svg\" alt=\"\u2b50\ufe0f\" \/><\/p>\n<p data-start=\"2249\" data-end=\"2275\">Ph\u00f2ng th\u1ee7 &amp; ph\u1ea3n x\u1ea1:\u00a0<img decoding=\"async\" class=\"emoji\" role=\"img\" draggable=\"false\" src=\"https:\/\/s.w.org\/images\/core\/emoji\/17.0.2\/svg\/2b50.svg\" alt=\"\u2b50\ufe0f\" \/><img decoding=\"async\" class=\"emoji\" role=\"img\" draggable=\"false\" src=\"https:\/\/s.w.org\/images\/core\/emoji\/17.0.2\/svg\/2b50.svg\" alt=\"\u2b50\ufe0f\" \/><img decoding=\"async\" class=\"emoji\" role=\"img\" draggable=\"false\" src=\"https:\/\/s.w.org\/images\/core\/emoji\/17.0.2\/svg\/2b50.svg\" alt=\"\u2b50\ufe0f\" \/><img decoding=\"async\" class=\"emoji\" role=\"img\" draggable=\"false\" src=\"https:\/\/s.w.org\/images\/core\/emoji\/17.0.2\/svg\/2b50.svg\" alt=\"\u2b50\ufe0f\" \/><img decoding=\"async\" class=\"emoji\" role=\"img\" draggable=\"false\" src=\"https:\/\/s.w.org\/images\/core\/emoji\/17.0.2\/svg\/2b50.svg\" alt=\"\u2b50\ufe0f\" \/><\/p>\n<p data-start=\"2398\" data-end=\"2429\">Ki\u1ec3m so\u00e1t &amp; c\u1ea3m gi\u00e1c c\u1ea7u<img decoding=\"async\" class=\"emoji\" role=\"img\" draggable=\"false\" src=\"https:\/\/s.w.org\/images\/core\/emoji\/17.0.2\/svg\/2b50.svg\" alt=\"\u2b50\ufe0f\" \/><img decoding=\"async\" class=\"emoji\" role=\"img\" draggable=\"false\" src=\"https:\/\/s.w.org\/images\/core\/emoji\/17.0.2\/svg\/2b50.svg\" alt=\"\u2b50\ufe0f\" \/><img decoding=\"async\" class=\"emoji\" role=\"img\" draggable=\"false\" src=\"https:\/\/s.w.org\/images\/core\/emoji\/17.0.2\/svg\/2b50.svg\" alt=\"\u2b50\ufe0f\" \/><img decoding=\"async\" class=\"emoji\" role=\"img\" draggable=\"false\" src=\"https:\/\/s.w.org\/images\/core\/emoji\/17.0.2\/svg\/2b50.svg\" alt=\"\u2b50\ufe0f\" \/><\/p>\n","protected":false},"excerpt":{"rendered":"<p>V\u1edbi\u00a0\u00a02 phi\u00ean b\u1ea3n s\u1eafc : M\u00e0u tr\u1eafng v\u00e0 m\u00e0u \u0111\u1ecf, \u0111\u01b0\u1ee3c\u00a0thi\u1ebft k\u1ebf v\u00f4\u00a0c\u00f9ng b\u1eaft m\u1eaft v\u1edbi nh\u1eefng chi ti\u1ebft hi\u1ec7n \u0111\u1ea1i, v\u1eeba \u1ea5n t\u01b0\u1ee3ng l\u1ea1i\u00a0h\u00e0i h\u00f2a, tr\u1ebb trung mang phong c\u00e1ch th\u1eddi th\u01b0\u1ee3ng,<\/p>\n","protected":false},"featured_media":517,"comment_status":"open","ping_status":"closed","template":"","meta":{"_uf_show_specific_survey":0,"_uf_disable_surveys":false},"product_brand":[],"product_cat":[20],"product_tag":[],"class_list":{"0":"post-516","1":"product","2":"type-product","3":"status-publish","4":"has-post-thumbnail","6":"product_cat-vot-cau-long","8":"first","9":"instock","10":"sale","11":"shipping-taxable","12":"purchasable","13":"product-type-variable"},"aioseo_notices":[],"yoast_head":"<!-- This site is optimized with the Yoast SEO plugin v26.8 - https:\/\/yoast.com\/product\/yoast-seo-wordpress\/ -->\n<title>V\u1ee3t c\u1ea7u l\u00f4ng Halbertec Small Motor Pink - Ch\u00ednh h\u00e3ng - Shop c\u1ea7u l\u00f4ng GS<\/title>\n<meta name=\"description\" content=\"Li-Ning Halbertec Small Motor Pink\u00a0\u00a0l\u00e0 s\u1ea3n ph\u1ea9m thu\u1ed9c\u00a0\u00a0ph\u00e2n kh\u00fac t\u1ea7m trung c\u1ee7a d\u00f2ng Halbertec\" \/>\n<meta name=\"robots\" content=\"index, follow, max-snippet:-1, max-image-preview:large, max-video-preview:-1\" \/>\n<link rel=\"canonical\" href=\"https:\/\/shopgsb.azdigi.shop\/?product=halbertec-small-motor-pink\" \/>\n<meta property=\"og:locale\" content=\"vi_VN\" \/>\n<meta property=\"og:type\" content=\"article\" \/>\n<meta property=\"og:title\" content=\"V\u1ee3t c\u1ea7u l\u00f4ng Halbertec Small Motor Pink - Ch\u00ednh h\u00e3ng - Shop c\u1ea7u l\u00f4ng GS\" \/>\n<meta property=\"og:description\" content=\"Li-Ning Halbertec Small Motor Pink\u00a0\u00a0l\u00e0 s\u1ea3n ph\u1ea9m thu\u1ed9c\u00a0\u00a0ph\u00e2n kh\u00fac t\u1ea7m trung c\u1ee7a d\u00f2ng Halbertec\" \/>\n<meta property=\"og:url\" content=\"https:\/\/shopgsb.azdigi.shop\/?product=halbertec-small-motor-pink\" \/>\n<meta property=\"og:site_name\" content=\"Shop c\u1ea7u l\u00f4ng GS\" \/>\n<meta property=\"article:modified_time\" content=\"2026-04-12T05:06:19+00:00\" \/>\n<meta property=\"og:image\" content=\"https:\/\/shopgsb.azdigi.shop\/wp-content\/uploads\/2026\/03\/Anh-chup-man-hinh-2026-03-23-195532.png\" \/>\n\t<meta property=\"og:image:width\" content=\"506\" \/>\n\t<meta property=\"og:image:height\" content=\"569\" \/>\n\t<meta property=\"og:image:type\" content=\"image\/png\" \/>\n<meta name=\"twitter:card\" content=\"summary_large_image\" \/>\n<meta name=\"twitter:label1\" content=\"\u01af\u1edbc t\u00ednh th\u1eddi gian \u0111\u1ecdc\" \/>\n\t<meta name=\"twitter:data1\" content=\"7 ph\u00fat\" \/>\n<script type=\"application\/ld+json\" class=\"yoast-schema-graph\">{\"@context\":\"https:\/\/schema.org\",\"@graph\":[{\"@type\":\"WebPage\",\"@id\":\"https:\/\/shopgsb.azdigi.shop\/?product=halbertec-small-motor-pink\",\"url\":\"https:\/\/shopgsb.azdigi.shop\/?product=halbertec-small-motor-pink\",\"name\":\"V\u1ee3t c\u1ea7u l\u00f4ng Halbertec Small Motor Pink - Ch\u00ednh h\u00e3ng - Shop c\u1ea7u l\u00f4ng GS\",\"isPartOf\":{\"@id\":\"https:\/\/shopgsb.azdigi.shop\/#website\"},\"primaryImageOfPage\":{\"@id\":\"https:\/\/shopgsb.azdigi.shop\/?product=halbertec-small-motor-pink#primaryimage\"},\"image\":{\"@id\":\"https:\/\/shopgsb.azdigi.shop\/?product=halbertec-small-motor-pink#primaryimage\"},\"thumbnailUrl\":\"https:\/\/shopgsb.azdigi.shop\/wp-content\/uploads\/2026\/03\/Anh-chup-man-hinh-2026-03-23-195532.png\",\"datePublished\":\"2026-03-23T12:58:26+00:00\",\"dateModified\":\"2026-04-12T05:06:19+00:00\",\"description\":\"Li-Ning Halbertec Small Motor Pink\u00a0\u00a0l\u00e0 s\u1ea3n ph\u1ea9m thu\u1ed9c\u00a0\u00a0ph\u00e2n kh\u00fac t\u1ea7m trung c\u1ee7a d\u00f2ng Halbertec\",\"breadcrumb\":{\"@id\":\"https:\/\/shopgsb.azdigi.shop\/?product=halbertec-small-motor-pink#breadcrumb\"},\"inLanguage\":\"vi\",\"potentialAction\":[{\"@type\":\"ReadAction\",\"target\":[\"https:\/\/shopgsb.azdigi.shop\/?product=halbertec-small-motor-pink\"]}]},{\"@type\":\"ImageObject\",\"inLanguage\":\"vi\",\"@id\":\"https:\/\/shopgsb.azdigi.shop\/?product=halbertec-small-motor-pink#primaryimage\",\"url\":\"https:\/\/shopgsb.azdigi.shop\/wp-content\/uploads\/2026\/03\/Anh-chup-man-hinh-2026-03-23-195532.png\",\"contentUrl\":\"https:\/\/shopgsb.azdigi.shop\/wp-content\/uploads\/2026\/03\/Anh-chup-man-hinh-2026-03-23-195532.png\",\"width\":506,\"height\":569},{\"@type\":\"BreadcrumbList\",\"@id\":\"https:\/\/shopgsb.azdigi.shop\/?product=halbertec-small-motor-pink#breadcrumb\",\"itemListElement\":[{\"@type\":\"ListItem\",\"position\":1,\"name\":\"Trang ch\u1ee7\",\"item\":\"https:\/\/shopgsb.azdigi.shop\/\"},{\"@type\":\"ListItem\",\"position\":2,\"name\":\"S\u1ea3n Ph\u1ea9m\",\"item\":\"https:\/\/shopgsb.azdigi.shop\/?page_id=64\"},{\"@type\":\"ListItem\",\"position\":3,\"name\":\"V\u1ee3t c\u1ea7u l\u00f4ng Halbertec Small Motor Pink &#8211; Ch\u00ednh h\u00e3ng\"}]},{\"@type\":\"WebSite\",\"@id\":\"https:\/\/shopgsb.azdigi.shop\/#website\",\"url\":\"https:\/\/shopgsb.azdigi.shop\/\",\"name\":\"Shop c\u1ea7u l\u00f4ng GS\",\"description\":\"\",\"potentialAction\":[{\"@type\":\"SearchAction\",\"target\":{\"@type\":\"EntryPoint\",\"urlTemplate\":\"https:\/\/shopgsb.azdigi.shop\/?s={search_term_string}\"},\"query-input\":{\"@type\":\"PropertyValueSpecification\",\"valueRequired\":true,\"valueName\":\"search_term_string\"}}],\"inLanguage\":\"vi\"}]}<\/script>\n<!-- \/ Yoast SEO plugin. -->","yoast_head_json":{"title":"V\u1ee3t c\u1ea7u l\u00f4ng Halbertec Small Motor Pink - Ch\u00ednh h\u00e3ng - Shop c\u1ea7u l\u00f4ng GS","description":"Li-Ning Halbertec Small Motor Pink\u00a0\u00a0l\u00e0 s\u1ea3n ph\u1ea9m thu\u1ed9c\u00a0\u00a0ph\u00e2n kh\u00fac t\u1ea7m trung c\u1ee7a d\u00f2ng Halbertec","robots":{"index":"index","follow":"follow","max-snippet":"max-snippet:-1","max-image-preview":"max-image-preview:large","max-video-preview":"max-video-preview:-1"},"canonical":"https:\/\/shopgsb.azdigi.shop\/?product=halbertec-small-motor-pink","og_locale":"vi_VN","og_type":"article","og_title":"V\u1ee3t c\u1ea7u l\u00f4ng Halbertec Small Motor Pink - Ch\u00ednh h\u00e3ng - Shop c\u1ea7u l\u00f4ng GS","og_description":"Li-Ning Halbertec Small Motor Pink\u00a0\u00a0l\u00e0 s\u1ea3n ph\u1ea9m thu\u1ed9c\u00a0\u00a0ph\u00e2n kh\u00fac t\u1ea7m trung c\u1ee7a d\u00f2ng Halbertec","og_url":"https:\/\/shopgsb.azdigi.shop\/?product=halbertec-small-motor-pink","og_site_name":"Shop c\u1ea7u l\u00f4ng GS","article_modified_time":"2026-04-12T05:06:19+00:00","og_image":[{"width":506,"height":569,"url":"https:\/\/shopgsb.azdigi.shop\/wp-content\/uploads\/2026\/03\/Anh-chup-man-hinh-2026-03-23-195532.png","type":"image\/png"}],"twitter_card":"summary_large_image","twitter_misc":{"\u01af\u1edbc t\u00ednh th\u1eddi gian \u0111\u1ecdc":"7 ph\u00fat"},"schema":{"@context":"https:\/\/schema.org","@graph":[{"@type":"WebPage","@id":"https:\/\/shopgsb.azdigi.shop\/?product=halbertec-small-motor-pink","url":"https:\/\/shopgsb.azdigi.shop\/?product=halbertec-small-motor-pink","name":"V\u1ee3t c\u1ea7u l\u00f4ng Halbertec Small Motor Pink - Ch\u00ednh h\u00e3ng - Shop c\u1ea7u l\u00f4ng GS","isPartOf":{"@id":"https:\/\/shopgsb.azdigi.shop\/#website"},"primaryImageOfPage":{"@id":"https:\/\/shopgsb.azdigi.shop\/?product=halbertec-small-motor-pink#primaryimage"},"image":{"@id":"https:\/\/shopgsb.azdigi.shop\/?product=halbertec-small-motor-pink#primaryimage"},"thumbnailUrl":"https:\/\/shopgsb.azdigi.shop\/wp-content\/uploads\/2026\/03\/Anh-chup-man-hinh-2026-03-23-195532.png","datePublished":"2026-03-23T12:58:26+00:00","dateModified":"2026-04-12T05:06:19+00:00","description":"Li-Ning Halbertec Small Motor Pink\u00a0\u00a0l\u00e0 s\u1ea3n ph\u1ea9m thu\u1ed9c\u00a0\u00a0ph\u00e2n kh\u00fac t\u1ea7m trung c\u1ee7a d\u00f2ng Halbertec","breadcrumb":{"@id":"https:\/\/shopgsb.azdigi.shop\/?product=halbertec-small-motor-pink#breadcrumb"},"inLanguage":"vi","potentialAction":[{"@type":"ReadAction","target":["https:\/\/shopgsb.azdigi.shop\/?product=halbertec-small-motor-pink"]}]},{"@type":"ImageObject","inLanguage":"vi","@id":"https:\/\/shopgsb.azdigi.shop\/?product=halbertec-small-motor-pink#primaryimage","url":"https:\/\/shopgsb.azdigi.shop\/wp-content\/uploads\/2026\/03\/Anh-chup-man-hinh-2026-03-23-195532.png","contentUrl":"https:\/\/shopgsb.azdigi.shop\/wp-content\/uploads\/2026\/03\/Anh-chup-man-hinh-2026-03-23-195532.png","width":506,"height":569},{"@type":"BreadcrumbList","@id":"https:\/\/shopgsb.azdigi.shop\/?product=halbertec-small-motor-pink#breadcrumb","itemListElement":[{"@type":"ListItem","position":1,"name":"Trang ch\u1ee7","item":"https:\/\/shopgsb.azdigi.shop\/"},{"@type":"ListItem","position":2,"name":"S\u1ea3n Ph\u1ea9m","item":"https:\/\/shopgsb.azdigi.shop\/?page_id=64"},{"@type":"ListItem","position":3,"name":"V\u1ee3t c\u1ea7u l\u00f4ng Halbertec Small Motor Pink &#8211; Ch\u00ednh h\u00e3ng"}]},{"@type":"WebSite","@id":"https:\/\/shopgsb.azdigi.shop\/#website","url":"https:\/\/shopgsb.azdigi.shop\/","name":"Shop c\u1ea7u l\u00f4ng GS","description":"","potentialAction":[{"@type":"SearchAction","target":{"@type":"EntryPoint","urlTemplate":"https:\/\/shopgsb.azdigi.shop\/?s={search_term_string}"},"query-input":{"@type":"PropertyValueSpecification","valueRequired":true,"valueName":"search_term_string"}}],"inLanguage":"vi"}]}},"_links":{"self":[{"href":"https:\/\/shopgsb.azdigi.shop\/index.php?rest_route=\/wp\/v2\/product\/516","targetHints":{"allow":["GET"]}}],"collection":[{"href":"https:\/\/shopgsb.azdigi.shop\/index.php?rest_route=\/wp\/v2\/product"}],"about":[{"href":"https:\/\/shopgsb.azdigi.shop\/index.php?rest_route=\/wp\/v2\/types\/product"}],"replies":[{"embeddable":true,"href":"https:\/\/shopgsb.azdigi.shop\/index.php?rest_route=%2Fwp%2Fv2%2Fcomments&post=516"}],"wp:featuredmedia":[{"embeddable":true,"href":"https:\/\/shopgsb.azdigi.shop\/index.php?rest_route=\/wp\/v2\/media\/517"}],"wp:attachment":[{"href":"https:\/\/shopgsb.azdigi.shop\/index.php?rest_route=%2Fwp%2Fv2%2Fmedia&parent=516"}],"wp:term":[{"taxonomy":"product_brand","embeddable":true,"href":"https:\/\/shopgsb.azdigi.shop\/index.php?rest_route=%2Fwp%2Fv2%2Fproduct_brand&post=516"},{"taxonomy":"product_cat","embeddable":true,"href":"https:\/\/shopgsb.azdigi.shop\/index.php?rest_route=%2Fwp%2Fv2%2Fproduct_cat&post=516"},{"taxonomy":"product_tag","embeddable":true,"href":"https:\/\/shopgsb.azdigi.shop\/index.php?rest_route=%2Fwp%2Fv2%2Fproduct_tag&post=516"}],"curies":[{"name":"wp","href":"https:\/\/api.w.org\/{rel}","templated":true}]}}