{"id":664,"date":"2026-03-24T12:55:50","date_gmt":"2026-03-24T12:55:50","guid":{"rendered":"https:\/\/shopgsb.azdigi.shop\/?post_type=product&#038;p=664"},"modified":"2026-04-12T04:00:28","modified_gmt":"2026-04-12T04:00:28","slug":"bo-quan-ao-cau-long-unisex-p-aatv041","status":"publish","type":"product","link":"https:\/\/shopgsb.azdigi.shop\/?product=bo-quan-ao-cau-long-unisex-p-aatv041","title":{"rendered":"B\u1ed9 qu\u1ea7n \u00e1o c\u1ea7u l\u00f4ng Unisex P-AATV041"},"content":{"rendered":"<p><strong>B\u1ed9 qu\u1ea7n \u00e1o c\u1ea7u l\u00f4ng nam Unisex P-AATV041<\/strong><\/p>\n<ul>\n<li>Ch\u1ea5t li\u1ec7u v\u1ea3i : Polyester100%<\/li>\n<li>D\u00f2ng s\u1ea3n ph\u1ea9m: C\u1ea7u l\u00f4ng\/Badminton<\/li>\n<li>Form d\u00e1ng : Regular Fit<\/li>\n<\/ul>\n<p>Ch\u1ea5t li\u1ec7u\u00a0c\u00f3 \u0111\u1eb7c t\u00ednh kh\u00f4 nhanh, tho\u00e1ng m\u00e1t; khi m\u1ed3 h\u00f4i ti\u1ebft ra khi\u1ebfn v\u1ea3i b\u1ecb \u1ea9m, th\u00f4ng qua s\u1ef1 khu\u1ebfch t\u00e1n v\u00e0 bay h\u01a1i nhanh \u0111\u1ec3 \u0111\u01b0a m\u1ed3 h\u00f4i ra kh\u1ecfi c\u01a1 th\u1ec3, \u0111\u1ed3ng th\u1eddi l\u00e0m gi\u00fap gi\u1ea3m nhi\u1ec7t \u0111\u1ed9 c\u01a1 th\u1ec3 khi nhi\u1ec7t \u0111\u1ed9 c\u01a1 th\u1ec3 \u1edf m\u1ee9c qu\u00e1 cao, lu\u00f4n gi\u1eef s\u1ef1 kh\u00f4 r\u00e1o, tho\u00e1ng m\u00e1t v\u00e0 tho\u1ea3i m\u00e1i cho c\u01a1 th\u1ec3 trong qu\u00e1 tr\u00ecnh v\u1eadn \u0111\u1ed9ng. Thi\u1ebft k\u1ebf vai b\u1ea5t \u0111\u1ed1i x\u1ee9ng, \u0111\u1ed9c \u0111\u00e1o, n\u1ed5i b\u1eadt, th\u1ec3 hi\u1ec7n t\u00ednh th\u1ec3 thao hi\u1ec7n \u0111\u1ea1i. Thi\u1ebft k\u1ebf full size t\u1eeb h\u1ecdc sinh sinh vi\u00ean \u0111\u1ebfn ng\u01b0\u1eddi l\u1edbn, d\u1ec5 m\u1eb7c v\u00e0 ph\u00f9 h\u1ee3p nhi\u1ec1u ho\u00e0n c\u1ea3nh s\u1eed d\u1ee5ng.<\/p>\n<p><img loading=\"lazy\" decoding=\"async\" class=\"\" src=\"https:\/\/cdn.hstatic.net\/files\/1000312752\/file\/dsc05301_-_copy_copy_478cbc5ddb4845d9a9c349aba41fe594_grande.jpg\" width=\"402\" height=\"402\" \/><\/p>\n<p><strong>H\u01af\u1edaNG D\u1eaaN \u0110O SIZE QU\u1ea6N \u00c1O V\u00c0 B\u1ea2O QU\u1ea2N QU\u1ea6N \u00c1O<\/strong><\/p>\n<div><strong>1.1.\u00a0H\u01b0\u1edbng d\u1eabn \u0111o size qu\u1ea7n \u00e1o<\/strong><\/div>\n<div>\u00a0 \u00a0 \u00a0Gi\u1eef th\u01b0\u1edbc d\u00e2y theo chi\u1ec1u ngang \u0111\u1ec3 \u0111o:<\/div>\n<div>\n<ul>\n<li><strong>Ng\u1ef1c\u00a0<\/strong>: \u0110o quanh v\u00f2ng ng\u1ef1c \u1edf v\u1ecb tr\u00ed l\u1edbn nh\u1ea5t.<\/li>\n<li><strong>Eo :<\/strong>\u00a0\u0110o v\u00f2ng quanh eo \u1edf v\u1ecb tr\u00ed nh\u1ecf nh\u1ea5t<\/li>\n<li><strong>H\u00f4ng<\/strong>: Qu\u1ea5n th\u01b0\u1edbc quanh m\u00f4ng \u0111\u1ec3 x\u00e1c \u0111\u1ecbnh k\u00edch th\u01b0\u1edbc v\u00f2ng m\u00f4ng \u1edf v\u1ecb tr\u00ed l\u1edbn nh\u1ea5t<\/li>\n<li><strong>Chi\u1ec1u d\u00e0i\u00a0\u00e1o<\/strong>: \u0110o t\u1eeb ph\u00eda ch\u00e2n c\u1ed5, qua \u0111\u1ea7u ng\u1ef1c cho \u0111\u1ebfn v\u1ecb tr\u00ed chi\u1ec1u d\u00e0i \u00e1o, \u0111\u1ea7m mong mu\u1ed1n<\/li>\n<\/ul>\n<div>\n<div>\n<p><img loading=\"lazy\" decoding=\"async\" class=\"alignnone size-medium wp-image-727\" src=\"https:\/\/shopgsb.azdigi.shop\/wp-content\/uploads\/2026\/03\/z7654105159506_98c396d7c60b022a08dbcb8ad84cec4b-300x300.jpg\" alt=\"\" width=\"300\" height=\"300\" srcset=\"https:\/\/shopgsb.azdigi.shop\/wp-content\/uploads\/2026\/03\/z7654105159506_98c396d7c60b022a08dbcb8ad84cec4b-300x300.jpg 300w, https:\/\/shopgsb.azdigi.shop\/wp-content\/uploads\/2026\/03\/z7654105159506_98c396d7c60b022a08dbcb8ad84cec4b-150x150.jpg 150w, https:\/\/shopgsb.azdigi.shop\/wp-content\/uploads\/2026\/03\/z7654105159506_98c396d7c60b022a08dbcb8ad84cec4b-768x768.jpg 768w, https:\/\/shopgsb.azdigi.shop\/wp-content\/uploads\/2026\/03\/z7654105159506_98c396d7c60b022a08dbcb8ad84cec4b-600x600.jpg 600w, https:\/\/shopgsb.azdigi.shop\/wp-content\/uploads\/2026\/03\/z7654105159506_98c396d7c60b022a08dbcb8ad84cec4b-100x100.jpg 100w, https:\/\/shopgsb.azdigi.shop\/wp-content\/uploads\/2026\/03\/z7654105159506_98c396d7c60b022a08dbcb8ad84cec4b.jpg 1000w\" sizes=\"auto, (max-width: 300px) 100vw, 300px\" \/> <img loading=\"lazy\" decoding=\"async\" class=\"alignnone size-medium wp-image-728\" src=\"https:\/\/shopgsb.azdigi.shop\/wp-content\/uploads\/2026\/03\/z7654105168546_7e6dc41d37546ef92569c88f54c799bd-300x300.jpg\" alt=\"\" width=\"300\" height=\"300\" srcset=\"https:\/\/shopgsb.azdigi.shop\/wp-content\/uploads\/2026\/03\/z7654105168546_7e6dc41d37546ef92569c88f54c799bd-300x300.jpg 300w, https:\/\/shopgsb.azdigi.shop\/wp-content\/uploads\/2026\/03\/z7654105168546_7e6dc41d37546ef92569c88f54c799bd-150x150.jpg 150w, https:\/\/shopgsb.azdigi.shop\/wp-content\/uploads\/2026\/03\/z7654105168546_7e6dc41d37546ef92569c88f54c799bd-768x768.jpg 768w, https:\/\/shopgsb.azdigi.shop\/wp-content\/uploads\/2026\/03\/z7654105168546_7e6dc41d37546ef92569c88f54c799bd-600x600.jpg 600w, https:\/\/shopgsb.azdigi.shop\/wp-content\/uploads\/2026\/03\/z7654105168546_7e6dc41d37546ef92569c88f54c799bd-100x100.jpg 100w, https:\/\/shopgsb.azdigi.shop\/wp-content\/uploads\/2026\/03\/z7654105168546_7e6dc41d37546ef92569c88f54c799bd.jpg 1000w\" sizes=\"auto, (max-width: 300px) 100vw, 300px\" \/><\/p>\n<div><strong>1.2. H\u01b0\u1edbng d\u1eabn b\u1ea3o qu\u1ea3n qu\u1ea7n \u00e1o<\/strong><\/div>\n<div>\n<div>\n<ul>\n<li>S\u1eed d\u1ee5ng n\u01b0\u1edbc d\u01b0\u1edbi 35 \u0111\u1ed9 \u0111\u1ec3 gi\u1eb7t s\u1ea3n ph\u1ea9m<\/li>\n<li>Kh\u00f4ng s\u1eed d\u1ee5ng thu\u1ed1c t\u1ea9y ho\u1eb7c b\u1ed9t gi\u1eb7t c\u00f3 \u0111\u1ed9 t\u1ea9y cao<\/li>\n<li>S\u1eed d\u1ee5ng t\u00fai gi\u1eb7t b\u1ea3o qu\u1ea3n khi d\u00f9ng v\u1edbi m\u00e1y gi\u1eb7t<\/li>\n<li>Tr\u00e1nh ph\u01a1i d\u01b0\u1edbi \u00e1nh n\u1eafng tr\u1ef1c ti\u1ebfp \u0111\u1ec3 b\u1ea3o qu\u1ea3n m\u00e0u s\u1eafc<\/li>\n<\/ul>\n<\/div>\n<\/div>\n<\/div>\n<\/div>\n<\/div>\n","protected":false},"excerpt":{"rendered":"<p>Ch\u1ea5t li\u1ec7u\u00a0c\u00f3 \u0111\u1eb7c t\u00ednh kh\u00f4 nhanh, tho\u00e1ng m\u00e1t; khi m\u1ed3 h\u00f4i ti\u1ebft ra khi\u1ebfn v\u1ea3i b\u1ecb \u1ea9m, th\u00f4ng qua s\u1ef1 khu\u1ebfch t\u00e1n v\u00e0 bay h\u01a1i nhanh \u0111\u1ec3 \u0111\u01b0a m\u1ed3 h\u00f4i ra kh\u1ecfi c\u01a1 th\u1ec3<\/p>\n","protected":false},"featured_media":665,"comment_status":"open","ping_status":"closed","template":"","meta":{"_uf_show_specific_survey":0,"_uf_disable_surveys":false},"product_brand":[],"product_cat":[22],"product_tag":[],"class_list":{"0":"post-664","1":"product","2":"type-product","3":"status-publish","4":"has-post-thumbnail","6":"product_cat-ao-quan-cau-long","8":"first","9":"instock","10":"sale","11":"shipping-taxable","12":"purchasable","13":"product-type-variable"},"aioseo_notices":[],"yoast_head":"<!-- This site is optimized with the Yoast SEO plugin v26.8 - https:\/\/yoast.com\/product\/yoast-seo-wordpress\/ -->\n<title>B\u1ed9 qu\u1ea7n \u00e1o c\u1ea7u l\u00f4ng Unisex P-AATV041 - Shop c\u1ea7u l\u00f4ng GS<\/title>\n<meta name=\"description\" content=\"Ch\u1ea5t li\u1ec7u\u00a0c\u00f3 \u0111\u1eb7c t\u00ednh kh\u00f4 nhanh, tho\u00e1ng m\u00e1t; khi m\u1ed3 h\u00f4i ti\u1ebft ra khi\u1ebfn v\u1ea3i b\u1ecb \u1ea9m, th\u00f4ng qua s\u1ef1 khu\u1ebfch t\u00e1n v\u00e0 bay h\u01a1i nhanh \u0111\u1ec3 \u0111\u01b0a m\u1ed3 h\u00f4i ra kh\u1ecfi c\u01a1 th\u1ec3\" \/>\n<meta name=\"robots\" content=\"index, follow, max-snippet:-1, max-image-preview:large, max-video-preview:-1\" \/>\n<link rel=\"canonical\" href=\"https:\/\/shopgsb.azdigi.shop\/?product=bo-quan-ao-cau-long-unisex-p-aatv041\" \/>\n<meta property=\"og:locale\" content=\"vi_VN\" \/>\n<meta property=\"og:type\" content=\"article\" \/>\n<meta property=\"og:title\" content=\"B\u1ed9 qu\u1ea7n \u00e1o c\u1ea7u l\u00f4ng Unisex P-AATV041 - Shop c\u1ea7u l\u00f4ng GS\" \/>\n<meta property=\"og:description\" content=\"Ch\u1ea5t li\u1ec7u\u00a0c\u00f3 \u0111\u1eb7c t\u00ednh kh\u00f4 nhanh, tho\u00e1ng m\u00e1t; khi m\u1ed3 h\u00f4i ti\u1ebft ra khi\u1ebfn v\u1ea3i b\u1ecb \u1ea9m, th\u00f4ng qua s\u1ef1 khu\u1ebfch t\u00e1n v\u00e0 bay h\u01a1i nhanh \u0111\u1ec3 \u0111\u01b0a m\u1ed3 h\u00f4i ra kh\u1ecfi c\u01a1 th\u1ec3\" \/>\n<meta property=\"og:url\" content=\"https:\/\/shopgsb.azdigi.shop\/?product=bo-quan-ao-cau-long-unisex-p-aatv041\" \/>\n<meta property=\"og:site_name\" content=\"Shop c\u1ea7u l\u00f4ng GS\" \/>\n<meta property=\"article:modified_time\" content=\"2026-04-12T04:00:28+00:00\" \/>\n<meta property=\"og:image\" content=\"https:\/\/shopgsb.azdigi.shop\/wp-content\/uploads\/2026\/03\/Anh-chup-man-hinh-2026-03-24-194423.png\" \/>\n\t<meta property=\"og:image:width\" content=\"803\" \/>\n\t<meta property=\"og:image:height\" content=\"802\" \/>\n\t<meta property=\"og:image:type\" content=\"image\/png\" \/>\n<meta name=\"twitter:card\" content=\"summary_large_image\" \/>\n<meta name=\"twitter:label1\" content=\"\u01af\u1edbc t\u00ednh th\u1eddi gian \u0111\u1ecdc\" \/>\n\t<meta name=\"twitter:data1\" content=\"3 ph\u00fat\" \/>\n<script type=\"application\/ld+json\" class=\"yoast-schema-graph\">{\"@context\":\"https:\/\/schema.org\",\"@graph\":[{\"@type\":\"WebPage\",\"@id\":\"https:\/\/shopgsb.azdigi.shop\/?product=bo-quan-ao-cau-long-unisex-p-aatv041\",\"url\":\"https:\/\/shopgsb.azdigi.shop\/?product=bo-quan-ao-cau-long-unisex-p-aatv041\",\"name\":\"B\u1ed9 qu\u1ea7n \u00e1o c\u1ea7u l\u00f4ng Unisex P-AATV041 - Shop c\u1ea7u l\u00f4ng GS\",\"isPartOf\":{\"@id\":\"https:\/\/shopgsb.azdigi.shop\/#website\"},\"primaryImageOfPage\":{\"@id\":\"https:\/\/shopgsb.azdigi.shop\/?product=bo-quan-ao-cau-long-unisex-p-aatv041#primaryimage\"},\"image\":{\"@id\":\"https:\/\/shopgsb.azdigi.shop\/?product=bo-quan-ao-cau-long-unisex-p-aatv041#primaryimage\"},\"thumbnailUrl\":\"https:\/\/shopgsb.azdigi.shop\/wp-content\/uploads\/2026\/03\/Anh-chup-man-hinh-2026-03-24-194423.png\",\"datePublished\":\"2026-03-24T12:55:50+00:00\",\"dateModified\":\"2026-04-12T04:00:28+00:00\",\"description\":\"Ch\u1ea5t li\u1ec7u\u00a0c\u00f3 \u0111\u1eb7c t\u00ednh kh\u00f4 nhanh, tho\u00e1ng m\u00e1t; khi m\u1ed3 h\u00f4i ti\u1ebft ra khi\u1ebfn v\u1ea3i b\u1ecb \u1ea9m, th\u00f4ng qua s\u1ef1 khu\u1ebfch t\u00e1n v\u00e0 bay h\u01a1i nhanh \u0111\u1ec3 \u0111\u01b0a m\u1ed3 h\u00f4i ra kh\u1ecfi c\u01a1 th\u1ec3\",\"breadcrumb\":{\"@id\":\"https:\/\/shopgsb.azdigi.shop\/?product=bo-quan-ao-cau-long-unisex-p-aatv041#breadcrumb\"},\"inLanguage\":\"vi\",\"potentialAction\":[{\"@type\":\"ReadAction\",\"target\":[\"https:\/\/shopgsb.azdigi.shop\/?product=bo-quan-ao-cau-long-unisex-p-aatv041\"]}]},{\"@type\":\"ImageObject\",\"inLanguage\":\"vi\",\"@id\":\"https:\/\/shopgsb.azdigi.shop\/?product=bo-quan-ao-cau-long-unisex-p-aatv041#primaryimage\",\"url\":\"https:\/\/shopgsb.azdigi.shop\/wp-content\/uploads\/2026\/03\/Anh-chup-man-hinh-2026-03-24-194423.png\",\"contentUrl\":\"https:\/\/shopgsb.azdigi.shop\/wp-content\/uploads\/2026\/03\/Anh-chup-man-hinh-2026-03-24-194423.png\",\"width\":803,\"height\":802},{\"@type\":\"BreadcrumbList\",\"@id\":\"https:\/\/shopgsb.azdigi.shop\/?product=bo-quan-ao-cau-long-unisex-p-aatv041#breadcrumb\",\"itemListElement\":[{\"@type\":\"ListItem\",\"position\":1,\"name\":\"Trang ch\u1ee7\",\"item\":\"https:\/\/shopgsb.azdigi.shop\/\"},{\"@type\":\"ListItem\",\"position\":2,\"name\":\"S\u1ea3n Ph\u1ea9m\",\"item\":\"https:\/\/shopgsb.azdigi.shop\/?page_id=64\"},{\"@type\":\"ListItem\",\"position\":3,\"name\":\"B\u1ed9 qu\u1ea7n \u00e1o c\u1ea7u l\u00f4ng Unisex P-AATV041\"}]},{\"@type\":\"WebSite\",\"@id\":\"https:\/\/shopgsb.azdigi.shop\/#website\",\"url\":\"https:\/\/shopgsb.azdigi.shop\/\",\"name\":\"Shop c\u1ea7u l\u00f4ng GS\",\"description\":\"\",\"potentialAction\":[{\"@type\":\"SearchAction\",\"target\":{\"@type\":\"EntryPoint\",\"urlTemplate\":\"https:\/\/shopgsb.azdigi.shop\/?s={search_term_string}\"},\"query-input\":{\"@type\":\"PropertyValueSpecification\",\"valueRequired\":true,\"valueName\":\"search_term_string\"}}],\"inLanguage\":\"vi\"}]}<\/script>\n<!-- \/ Yoast SEO plugin. -->","yoast_head_json":{"title":"B\u1ed9 qu\u1ea7n \u00e1o c\u1ea7u l\u00f4ng Unisex P-AATV041 - Shop c\u1ea7u l\u00f4ng GS","description":"Ch\u1ea5t li\u1ec7u\u00a0c\u00f3 \u0111\u1eb7c t\u00ednh kh\u00f4 nhanh, tho\u00e1ng m\u00e1t; khi m\u1ed3 h\u00f4i ti\u1ebft ra khi\u1ebfn v\u1ea3i b\u1ecb \u1ea9m, th\u00f4ng qua s\u1ef1 khu\u1ebfch t\u00e1n v\u00e0 bay h\u01a1i nhanh \u0111\u1ec3 \u0111\u01b0a m\u1ed3 h\u00f4i ra kh\u1ecfi c\u01a1 th\u1ec3","robots":{"index":"index","follow":"follow","max-snippet":"max-snippet:-1","max-image-preview":"max-image-preview:large","max-video-preview":"max-video-preview:-1"},"canonical":"https:\/\/shopgsb.azdigi.shop\/?product=bo-quan-ao-cau-long-unisex-p-aatv041","og_locale":"vi_VN","og_type":"article","og_title":"B\u1ed9 qu\u1ea7n \u00e1o c\u1ea7u l\u00f4ng Unisex P-AATV041 - Shop c\u1ea7u l\u00f4ng GS","og_description":"Ch\u1ea5t li\u1ec7u\u00a0c\u00f3 \u0111\u1eb7c t\u00ednh kh\u00f4 nhanh, tho\u00e1ng m\u00e1t; khi m\u1ed3 h\u00f4i ti\u1ebft ra khi\u1ebfn v\u1ea3i b\u1ecb \u1ea9m, th\u00f4ng qua s\u1ef1 khu\u1ebfch t\u00e1n v\u00e0 bay h\u01a1i nhanh \u0111\u1ec3 \u0111\u01b0a m\u1ed3 h\u00f4i ra kh\u1ecfi c\u01a1 th\u1ec3","og_url":"https:\/\/shopgsb.azdigi.shop\/?product=bo-quan-ao-cau-long-unisex-p-aatv041","og_site_name":"Shop c\u1ea7u l\u00f4ng GS","article_modified_time":"2026-04-12T04:00:28+00:00","og_image":[{"width":803,"height":802,"url":"https:\/\/shopgsb.azdigi.shop\/wp-content\/uploads\/2026\/03\/Anh-chup-man-hinh-2026-03-24-194423.png","type":"image\/png"}],"twitter_card":"summary_large_image","twitter_misc":{"\u01af\u1edbc t\u00ednh th\u1eddi gian \u0111\u1ecdc":"3 ph\u00fat"},"schema":{"@context":"https:\/\/schema.org","@graph":[{"@type":"WebPage","@id":"https:\/\/shopgsb.azdigi.shop\/?product=bo-quan-ao-cau-long-unisex-p-aatv041","url":"https:\/\/shopgsb.azdigi.shop\/?product=bo-quan-ao-cau-long-unisex-p-aatv041","name":"B\u1ed9 qu\u1ea7n \u00e1o c\u1ea7u l\u00f4ng Unisex P-AATV041 - Shop c\u1ea7u l\u00f4ng GS","isPartOf":{"@id":"https:\/\/shopgsb.azdigi.shop\/#website"},"primaryImageOfPage":{"@id":"https:\/\/shopgsb.azdigi.shop\/?product=bo-quan-ao-cau-long-unisex-p-aatv041#primaryimage"},"image":{"@id":"https:\/\/shopgsb.azdigi.shop\/?product=bo-quan-ao-cau-long-unisex-p-aatv041#primaryimage"},"thumbnailUrl":"https:\/\/shopgsb.azdigi.shop\/wp-content\/uploads\/2026\/03\/Anh-chup-man-hinh-2026-03-24-194423.png","datePublished":"2026-03-24T12:55:50+00:00","dateModified":"2026-04-12T04:00:28+00:00","description":"Ch\u1ea5t li\u1ec7u\u00a0c\u00f3 \u0111\u1eb7c t\u00ednh kh\u00f4 nhanh, tho\u00e1ng m\u00e1t; khi m\u1ed3 h\u00f4i ti\u1ebft ra khi\u1ebfn v\u1ea3i b\u1ecb \u1ea9m, th\u00f4ng qua s\u1ef1 khu\u1ebfch t\u00e1n v\u00e0 bay h\u01a1i nhanh \u0111\u1ec3 \u0111\u01b0a m\u1ed3 h\u00f4i ra kh\u1ecfi c\u01a1 th\u1ec3","breadcrumb":{"@id":"https:\/\/shopgsb.azdigi.shop\/?product=bo-quan-ao-cau-long-unisex-p-aatv041#breadcrumb"},"inLanguage":"vi","potentialAction":[{"@type":"ReadAction","target":["https:\/\/shopgsb.azdigi.shop\/?product=bo-quan-ao-cau-long-unisex-p-aatv041"]}]},{"@type":"ImageObject","inLanguage":"vi","@id":"https:\/\/shopgsb.azdigi.shop\/?product=bo-quan-ao-cau-long-unisex-p-aatv041#primaryimage","url":"https:\/\/shopgsb.azdigi.shop\/wp-content\/uploads\/2026\/03\/Anh-chup-man-hinh-2026-03-24-194423.png","contentUrl":"https:\/\/shopgsb.azdigi.shop\/wp-content\/uploads\/2026\/03\/Anh-chup-man-hinh-2026-03-24-194423.png","width":803,"height":802},{"@type":"BreadcrumbList","@id":"https:\/\/shopgsb.azdigi.shop\/?product=bo-quan-ao-cau-long-unisex-p-aatv041#breadcrumb","itemListElement":[{"@type":"ListItem","position":1,"name":"Trang ch\u1ee7","item":"https:\/\/shopgsb.azdigi.shop\/"},{"@type":"ListItem","position":2,"name":"S\u1ea3n Ph\u1ea9m","item":"https:\/\/shopgsb.azdigi.shop\/?page_id=64"},{"@type":"ListItem","position":3,"name":"B\u1ed9 qu\u1ea7n \u00e1o c\u1ea7u l\u00f4ng Unisex P-AATV041"}]},{"@type":"WebSite","@id":"https:\/\/shopgsb.azdigi.shop\/#website","url":"https:\/\/shopgsb.azdigi.shop\/","name":"Shop c\u1ea7u l\u00f4ng GS","description":"","potentialAction":[{"@type":"SearchAction","target":{"@type":"EntryPoint","urlTemplate":"https:\/\/shopgsb.azdigi.shop\/?s={search_term_string}"},"query-input":{"@type":"PropertyValueSpecification","valueRequired":true,"valueName":"search_term_string"}}],"inLanguage":"vi"}]}},"_links":{"self":[{"href":"https:\/\/shopgsb.azdigi.shop\/index.php?rest_route=\/wp\/v2\/product\/664","targetHints":{"allow":["GET"]}}],"collection":[{"href":"https:\/\/shopgsb.azdigi.shop\/index.php?rest_route=\/wp\/v2\/product"}],"about":[{"href":"https:\/\/shopgsb.azdigi.shop\/index.php?rest_route=\/wp\/v2\/types\/product"}],"replies":[{"embeddable":true,"href":"https:\/\/shopgsb.azdigi.shop\/index.php?rest_route=%2Fwp%2Fv2%2Fcomments&post=664"}],"wp:featuredmedia":[{"embeddable":true,"href":"https:\/\/shopgsb.azdigi.shop\/index.php?rest_route=\/wp\/v2\/media\/665"}],"wp:attachment":[{"href":"https:\/\/shopgsb.azdigi.shop\/index.php?rest_route=%2Fwp%2Fv2%2Fmedia&parent=664"}],"wp:term":[{"taxonomy":"product_brand","embeddable":true,"href":"https:\/\/shopgsb.azdigi.shop\/index.php?rest_route=%2Fwp%2Fv2%2Fproduct_brand&post=664"},{"taxonomy":"product_cat","embeddable":true,"href":"https:\/\/shopgsb.azdigi.shop\/index.php?rest_route=%2Fwp%2Fv2%2Fproduct_cat&post=664"},{"taxonomy":"product_tag","embeddable":true,"href":"https:\/\/shopgsb.azdigi.shop\/index.php?rest_route=%2Fwp%2Fv2%2Fproduct_tag&post=664"}],"curies":[{"name":"wp","href":"https:\/\/api.w.org\/{rel}","templated":true}]}}