{"id":726,"date":"2026-03-24T13:34:04","date_gmt":"2026-03-24T13:34:04","guid":{"rendered":"https:\/\/shopgsb.azdigi.shop\/?post_type=product&#038;p=726"},"modified":"2026-04-12T03:50:46","modified_gmt":"2026-04-12T03:50:46","slug":"ao-polo-nam-p-aplr125","status":"publish","type":"product","link":"https:\/\/shopgsb.azdigi.shop\/?product=ao-polo-nam-p-aplr125","title":{"rendered":"\u00c1o Polo Nam P-APLR125"},"content":{"rendered":"<p><strong>\u00c1o Polo Nam P-APLR125<\/strong><\/p>\n<ul>\n<li>Ch\u1ea5t li\u1ec7u v\u1ea3i Polyester+Elastane<\/li>\n<li>B\u1ec1 m\u1eb7t v\u1ea3i m\u1ec1m, co gi\u00e3n t\u1ed1t, tho\u00e1ng kh\u00ed<\/li>\n<li>D\u00f2ng s\u1ea3n ph\u1ea9m : Badminton\/ C\u1ea7u l\u00f4ng<\/li>\n<li>Xu\u1ea5t x\u1ee9: Trung Qu\u1ed1c<\/li>\n<\/ul>\n<p>\u0110\u01b0\u1ee3c may t\u1eeb ch\u1ea5t li\u1ec7u v\u1ea3i th\u1ec3 thao chuy\u00ean d\u1ee5ng v\u1edbi nhi\u1ec1u \u01b0u \u0111i\u1ec3m nh\u01b0 b\u1ec1 m\u1eb7t m\u1ec1m, nh\u1eb9. S\u1ea3n ph\u1ea9m co gi\u00e3n t\u1ed1t, b\u1ec1 m\u1eb7t v\u1ea3i kh\u00f4ng nh\u0103n,\u0111\u01b0\u1eddng ch\u1ec9 may t\u1ec9 m\u1ec9, tinh t\u1ebf. B\u1ea1n ho\u00e0n to\u00e0nc\u00f3 th\u1ec3 di\u1ec7n \u00e1okhi t\u1eadp luy\u1ec7n ho\u1eb7c ph\u1ed1i c\u00f9ng trang ph\u1ee5c h\u00e0ng ng\u00e0y. Kh\u00e9o l\u00e9o k\u1ebft h\u1ee3p ch\u1eafc ch\u1eafn b\u1ea1n s\u1ebd c\u00f3 nh\u1eefng set \u0111\u1ed3 kh\u1ecfe kho\u1eafn v\u00e0 c\u00e1 t\u00ednh.<\/p>\n<p><img decoding=\"async\" src=\"https:\/\/cdn.hstatic.net\/files\/1000312752\/file\/dsc00903_grande.jpg\" \/><\/p>\n<p><strong>H\u01af\u1edaNG D\u1eaaN \u0110O SIZE QU\u1ea6N \u00c1O V\u00c0 B\u1ea2O QU\u1ea2N QU\u1ea6N \u00c1O<\/strong><\/p>\n<div><strong>1.1.\u00a0H\u01b0\u1edbng d\u1eabn \u0111o size qu\u1ea7n \u00e1o<\/strong><\/div>\n<div>\u00a0 \u00a0 \u00a0Gi\u1eef th\u01b0\u1edbc d\u00e2y theo chi\u1ec1u ngang \u0111\u1ec3 \u0111o:<\/div>\n<div>\n<ul>\n<li><strong>Ng\u1ef1c\u00a0<\/strong>: \u0110o quanh v\u00f2ng ng\u1ef1c \u1edf v\u1ecb tr\u00ed l\u1edbn nh\u1ea5t.<\/li>\n<li><strong>Eo :<\/strong>\u00a0\u0110o v\u00f2ng quanh eo \u1edf v\u1ecb tr\u00ed nh\u1ecf nh\u1ea5t<\/li>\n<li><strong>H\u00f4ng<\/strong>: Qu\u1ea5n th\u01b0\u1edbc quanh m\u00f4ng \u0111\u1ec3 x\u00e1c \u0111\u1ecbnh k\u00edch th\u01b0\u1edbc v\u00f2ng m\u00f4ng \u1edf v\u1ecb tr\u00ed l\u1edbn nh\u1ea5t<\/li>\n<li><strong>Chi\u1ec1u d\u00e0i\u00a0\u00e1o<\/strong>: \u0110o t\u1eeb ph\u00eda ch\u00e2n c\u1ed5, qua \u0111\u1ea7u ng\u1ef1c cho \u0111\u1ebfn v\u1ecb tr\u00ed chi\u1ec1u d\u00e0i \u00e1o, \u0111\u1ea7m mong mu\u1ed1n<\/li>\n<\/ul>\n<p>&nbsp;<\/p>\n<p>&nbsp;<\/p>\n<div>\n<div><img loading=\"lazy\" decoding=\"async\" class=\"alignnone wp-image-727\" src=\"https:\/\/shopgsb.azdigi.shop\/wp-content\/uploads\/2026\/03\/z7654105159506_98c396d7c60b022a08dbcb8ad84cec4b-300x300.jpg\" alt=\"\" width=\"418\" height=\"418\" srcset=\"https:\/\/shopgsb.azdigi.shop\/wp-content\/uploads\/2026\/03\/z7654105159506_98c396d7c60b022a08dbcb8ad84cec4b-300x300.jpg 300w, https:\/\/shopgsb.azdigi.shop\/wp-content\/uploads\/2026\/03\/z7654105159506_98c396d7c60b022a08dbcb8ad84cec4b-150x150.jpg 150w, https:\/\/shopgsb.azdigi.shop\/wp-content\/uploads\/2026\/03\/z7654105159506_98c396d7c60b022a08dbcb8ad84cec4b-768x768.jpg 768w, https:\/\/shopgsb.azdigi.shop\/wp-content\/uploads\/2026\/03\/z7654105159506_98c396d7c60b022a08dbcb8ad84cec4b-600x600.jpg 600w, https:\/\/shopgsb.azdigi.shop\/wp-content\/uploads\/2026\/03\/z7654105159506_98c396d7c60b022a08dbcb8ad84cec4b-100x100.jpg 100w, https:\/\/shopgsb.azdigi.shop\/wp-content\/uploads\/2026\/03\/z7654105159506_98c396d7c60b022a08dbcb8ad84cec4b.jpg 1000w\" sizes=\"auto, (max-width: 418px) 100vw, 418px\" \/><\/div>\n<div><strong>1.2. H\u01b0\u1edbn<\/strong><strong>g d\u1eabn b\u1ea3o qu\u1ea3n qu\u1ea7n<\/strong><strong>\u00a0\u00e1o<\/strong><\/div>\n<div>\n<div>\n<ul>\n<li>S\u1eed d\u1ee5ng n\u01b0\u1edbc d\u01b0\u1edbi 35 \u0111\u1ed9 \u0111\u1ec3 gi\u1eb7t s\u1ea3n ph\u1ea9m<\/li>\n<li>Kh\u00f4ng s\u1eed d\u1ee5ng thu\u1ed1c t\u1ea9y ho\u1eb7c b\u1ed9t gi\u1eb7t c\u00f3 \u0111\u1ed9 t\u1ea9y cao<\/li>\n<li>S\u1eed d\u1ee5ng t\u00fai gi\u1eb7t b\u1ea3o qu\u1ea3n khi d\u00f9ng v\u1edbi m\u00e1y gi\u1eb7t<\/li>\n<li>Tr\u00e1nh ph\u01a1i d\u01b0\u1edbi \u00e1nh n\u1eafng tr\u1ef1c ti\u1ebfp \u0111\u1ec3 b\u1ea3o qu\u1ea3n m\u00e0u s\u1eafc<\/li>\n<\/ul>\n<\/div>\n<\/div>\n<\/div>\n<\/div>\n","protected":false},"excerpt":{"rendered":"<p>\u0110\u01b0\u1ee3c may t\u1eeb ch\u1ea5t li\u1ec7u v\u1ea3i th\u1ec3 thao chuy\u00ean d\u1ee5ng v\u1edbi nhi\u1ec1u \u01b0u \u0111i\u1ec3m nh\u01b0 b\u1ec1 m\u1eb7t m\u1ec1m, nh\u1eb9. S\u1ea3n ph\u1ea9m co gi\u00e3n t\u1ed1t, b\u1ec1 m\u1eb7t v\u1ea3i kh\u00f4ng nh\u0103n,\u0111\u01b0\u1eddng ch\u1ec9 may t\u1ec9 m\u1ec9, tinh t\u1ebf.<\/p>\n","protected":false},"featured_media":729,"comment_status":"open","ping_status":"closed","template":"","meta":{"_uf_show_specific_survey":0,"_uf_disable_surveys":false},"product_brand":[],"product_cat":[22],"product_tag":[],"class_list":{"0":"post-726","1":"product","2":"type-product","3":"status-publish","4":"has-post-thumbnail","6":"product_cat-ao-quan-cau-long","8":"first","9":"instock","10":"shipping-taxable","11":"purchasable","12":"product-type-variable"},"aioseo_notices":[],"yoast_head":"<!-- This site is optimized with the Yoast SEO plugin v26.8 - https:\/\/yoast.com\/product\/yoast-seo-wordpress\/ -->\n<title>\u00c1o Polo Nam P-APLR125 - Shop c\u1ea7u l\u00f4ng GS<\/title>\n<meta name=\"description\" content=\"\u0110\u01b0\u1ee3c may t\u1eeb ch\u1ea5t li\u1ec7u v\u1ea3i th\u1ec3 thao chuy\u00ean d\u1ee5ngv\u1edbi nhi\u1ec1u \u01b0u \u0111i\u1ec3m nh\u01b0 b\u1ec1 m\u1eb7t m\u1ec1m, nh\u1eb9.\" \/>\n<meta name=\"robots\" content=\"index, follow, max-snippet:-1, max-image-preview:large, max-video-preview:-1\" \/>\n<link rel=\"canonical\" href=\"https:\/\/shopgsb.azdigi.shop\/?product=ao-polo-nam-p-aplr125\" \/>\n<meta property=\"og:locale\" content=\"vi_VN\" \/>\n<meta property=\"og:type\" content=\"article\" \/>\n<meta property=\"og:title\" content=\"\u00c1o Polo Nam P-APLR125 - Shop c\u1ea7u l\u00f4ng GS\" \/>\n<meta property=\"og:description\" content=\"\u0110\u01b0\u1ee3c may t\u1eeb ch\u1ea5t li\u1ec7u v\u1ea3i th\u1ec3 thao chuy\u00ean d\u1ee5ngv\u1edbi nhi\u1ec1u \u01b0u \u0111i\u1ec3m nh\u01b0 b\u1ec1 m\u1eb7t m\u1ec1m, nh\u1eb9.\" \/>\n<meta property=\"og:url\" content=\"https:\/\/shopgsb.azdigi.shop\/?product=ao-polo-nam-p-aplr125\" \/>\n<meta property=\"og:site_name\" content=\"Shop c\u1ea7u l\u00f4ng GS\" \/>\n<meta property=\"article:modified_time\" content=\"2026-04-12T03:50:46+00:00\" \/>\n<meta property=\"og:image\" content=\"https:\/\/shopgsb.azdigi.shop\/wp-content\/uploads\/2026\/03\/Anh-chup-man-hinh-2026-03-24-202845.png\" \/>\n\t<meta property=\"og:image:width\" content=\"806\" \/>\n\t<meta property=\"og:image:height\" content=\"809\" \/>\n\t<meta property=\"og:image:type\" content=\"image\/png\" \/>\n<meta name=\"twitter:card\" content=\"summary_large_image\" \/>\n<meta name=\"twitter:label1\" content=\"\u01af\u1edbc t\u00ednh th\u1eddi gian \u0111\u1ecdc\" \/>\n\t<meta name=\"twitter:data1\" content=\"2 ph\u00fat\" \/>\n<script type=\"application\/ld+json\" class=\"yoast-schema-graph\">{\"@context\":\"https:\/\/schema.org\",\"@graph\":[{\"@type\":\"WebPage\",\"@id\":\"https:\/\/shopgsb.azdigi.shop\/?product=ao-polo-nam-p-aplr125\",\"url\":\"https:\/\/shopgsb.azdigi.shop\/?product=ao-polo-nam-p-aplr125\",\"name\":\"\u00c1o Polo Nam P-APLR125 - Shop c\u1ea7u l\u00f4ng GS\",\"isPartOf\":{\"@id\":\"https:\/\/shopgsb.azdigi.shop\/#website\"},\"primaryImageOfPage\":{\"@id\":\"https:\/\/shopgsb.azdigi.shop\/?product=ao-polo-nam-p-aplr125#primaryimage\"},\"image\":{\"@id\":\"https:\/\/shopgsb.azdigi.shop\/?product=ao-polo-nam-p-aplr125#primaryimage\"},\"thumbnailUrl\":\"https:\/\/shopgsb.azdigi.shop\/wp-content\/uploads\/2026\/03\/Anh-chup-man-hinh-2026-03-24-202845.png\",\"datePublished\":\"2026-03-24T13:34:04+00:00\",\"dateModified\":\"2026-04-12T03:50:46+00:00\",\"description\":\"\u0110\u01b0\u1ee3c may t\u1eeb ch\u1ea5t li\u1ec7u v\u1ea3i th\u1ec3 thao chuy\u00ean d\u1ee5ngv\u1edbi nhi\u1ec1u \u01b0u \u0111i\u1ec3m nh\u01b0 b\u1ec1 m\u1eb7t m\u1ec1m, nh\u1eb9.\",\"breadcrumb\":{\"@id\":\"https:\/\/shopgsb.azdigi.shop\/?product=ao-polo-nam-p-aplr125#breadcrumb\"},\"inLanguage\":\"vi\",\"potentialAction\":[{\"@type\":\"ReadAction\",\"target\":[\"https:\/\/shopgsb.azdigi.shop\/?product=ao-polo-nam-p-aplr125\"]}]},{\"@type\":\"ImageObject\",\"inLanguage\":\"vi\",\"@id\":\"https:\/\/shopgsb.azdigi.shop\/?product=ao-polo-nam-p-aplr125#primaryimage\",\"url\":\"https:\/\/shopgsb.azdigi.shop\/wp-content\/uploads\/2026\/03\/Anh-chup-man-hinh-2026-03-24-202845.png\",\"contentUrl\":\"https:\/\/shopgsb.azdigi.shop\/wp-content\/uploads\/2026\/03\/Anh-chup-man-hinh-2026-03-24-202845.png\",\"width\":806,\"height\":809},{\"@type\":\"BreadcrumbList\",\"@id\":\"https:\/\/shopgsb.azdigi.shop\/?product=ao-polo-nam-p-aplr125#breadcrumb\",\"itemListElement\":[{\"@type\":\"ListItem\",\"position\":1,\"name\":\"Trang ch\u1ee7\",\"item\":\"https:\/\/shopgsb.azdigi.shop\/\"},{\"@type\":\"ListItem\",\"position\":2,\"name\":\"S\u1ea3n Ph\u1ea9m\",\"item\":\"https:\/\/shopgsb.azdigi.shop\/?page_id=64\"},{\"@type\":\"ListItem\",\"position\":3,\"name\":\"\u00c1o Polo Nam P-APLR125\"}]},{\"@type\":\"WebSite\",\"@id\":\"https:\/\/shopgsb.azdigi.shop\/#website\",\"url\":\"https:\/\/shopgsb.azdigi.shop\/\",\"name\":\"Shop c\u1ea7u l\u00f4ng GS\",\"description\":\"\",\"potentialAction\":[{\"@type\":\"SearchAction\",\"target\":{\"@type\":\"EntryPoint\",\"urlTemplate\":\"https:\/\/shopgsb.azdigi.shop\/?s={search_term_string}\"},\"query-input\":{\"@type\":\"PropertyValueSpecification\",\"valueRequired\":true,\"valueName\":\"search_term_string\"}}],\"inLanguage\":\"vi\"}]}<\/script>\n<!-- \/ Yoast SEO plugin. -->","yoast_head_json":{"title":"\u00c1o Polo Nam P-APLR125 - Shop c\u1ea7u l\u00f4ng GS","description":"\u0110\u01b0\u1ee3c may t\u1eeb ch\u1ea5t li\u1ec7u v\u1ea3i th\u1ec3 thao chuy\u00ean d\u1ee5ngv\u1edbi nhi\u1ec1u \u01b0u \u0111i\u1ec3m nh\u01b0 b\u1ec1 m\u1eb7t m\u1ec1m, nh\u1eb9.","robots":{"index":"index","follow":"follow","max-snippet":"max-snippet:-1","max-image-preview":"max-image-preview:large","max-video-preview":"max-video-preview:-1"},"canonical":"https:\/\/shopgsb.azdigi.shop\/?product=ao-polo-nam-p-aplr125","og_locale":"vi_VN","og_type":"article","og_title":"\u00c1o Polo Nam P-APLR125 - Shop c\u1ea7u l\u00f4ng GS","og_description":"\u0110\u01b0\u1ee3c may t\u1eeb ch\u1ea5t li\u1ec7u v\u1ea3i th\u1ec3 thao chuy\u00ean d\u1ee5ngv\u1edbi nhi\u1ec1u \u01b0u \u0111i\u1ec3m nh\u01b0 b\u1ec1 m\u1eb7t m\u1ec1m, nh\u1eb9.","og_url":"https:\/\/shopgsb.azdigi.shop\/?product=ao-polo-nam-p-aplr125","og_site_name":"Shop c\u1ea7u l\u00f4ng GS","article_modified_time":"2026-04-12T03:50:46+00:00","og_image":[{"width":806,"height":809,"url":"https:\/\/shopgsb.azdigi.shop\/wp-content\/uploads\/2026\/03\/Anh-chup-man-hinh-2026-03-24-202845.png","type":"image\/png"}],"twitter_card":"summary_large_image","twitter_misc":{"\u01af\u1edbc t\u00ednh th\u1eddi gian \u0111\u1ecdc":"2 ph\u00fat"},"schema":{"@context":"https:\/\/schema.org","@graph":[{"@type":"WebPage","@id":"https:\/\/shopgsb.azdigi.shop\/?product=ao-polo-nam-p-aplr125","url":"https:\/\/shopgsb.azdigi.shop\/?product=ao-polo-nam-p-aplr125","name":"\u00c1o Polo Nam P-APLR125 - Shop c\u1ea7u l\u00f4ng GS","isPartOf":{"@id":"https:\/\/shopgsb.azdigi.shop\/#website"},"primaryImageOfPage":{"@id":"https:\/\/shopgsb.azdigi.shop\/?product=ao-polo-nam-p-aplr125#primaryimage"},"image":{"@id":"https:\/\/shopgsb.azdigi.shop\/?product=ao-polo-nam-p-aplr125#primaryimage"},"thumbnailUrl":"https:\/\/shopgsb.azdigi.shop\/wp-content\/uploads\/2026\/03\/Anh-chup-man-hinh-2026-03-24-202845.png","datePublished":"2026-03-24T13:34:04+00:00","dateModified":"2026-04-12T03:50:46+00:00","description":"\u0110\u01b0\u1ee3c may t\u1eeb ch\u1ea5t li\u1ec7u v\u1ea3i th\u1ec3 thao chuy\u00ean d\u1ee5ngv\u1edbi nhi\u1ec1u \u01b0u \u0111i\u1ec3m nh\u01b0 b\u1ec1 m\u1eb7t m\u1ec1m, nh\u1eb9.","breadcrumb":{"@id":"https:\/\/shopgsb.azdigi.shop\/?product=ao-polo-nam-p-aplr125#breadcrumb"},"inLanguage":"vi","potentialAction":[{"@type":"ReadAction","target":["https:\/\/shopgsb.azdigi.shop\/?product=ao-polo-nam-p-aplr125"]}]},{"@type":"ImageObject","inLanguage":"vi","@id":"https:\/\/shopgsb.azdigi.shop\/?product=ao-polo-nam-p-aplr125#primaryimage","url":"https:\/\/shopgsb.azdigi.shop\/wp-content\/uploads\/2026\/03\/Anh-chup-man-hinh-2026-03-24-202845.png","contentUrl":"https:\/\/shopgsb.azdigi.shop\/wp-content\/uploads\/2026\/03\/Anh-chup-man-hinh-2026-03-24-202845.png","width":806,"height":809},{"@type":"BreadcrumbList","@id":"https:\/\/shopgsb.azdigi.shop\/?product=ao-polo-nam-p-aplr125#breadcrumb","itemListElement":[{"@type":"ListItem","position":1,"name":"Trang ch\u1ee7","item":"https:\/\/shopgsb.azdigi.shop\/"},{"@type":"ListItem","position":2,"name":"S\u1ea3n Ph\u1ea9m","item":"https:\/\/shopgsb.azdigi.shop\/?page_id=64"},{"@type":"ListItem","position":3,"name":"\u00c1o Polo Nam P-APLR125"}]},{"@type":"WebSite","@id":"https:\/\/shopgsb.azdigi.shop\/#website","url":"https:\/\/shopgsb.azdigi.shop\/","name":"Shop c\u1ea7u l\u00f4ng GS","description":"","potentialAction":[{"@type":"SearchAction","target":{"@type":"EntryPoint","urlTemplate":"https:\/\/shopgsb.azdigi.shop\/?s={search_term_string}"},"query-input":{"@type":"PropertyValueSpecification","valueRequired":true,"valueName":"search_term_string"}}],"inLanguage":"vi"}]}},"_links":{"self":[{"href":"https:\/\/shopgsb.azdigi.shop\/index.php?rest_route=\/wp\/v2\/product\/726","targetHints":{"allow":["GET"]}}],"collection":[{"href":"https:\/\/shopgsb.azdigi.shop\/index.php?rest_route=\/wp\/v2\/product"}],"about":[{"href":"https:\/\/shopgsb.azdigi.shop\/index.php?rest_route=\/wp\/v2\/types\/product"}],"replies":[{"embeddable":true,"href":"https:\/\/shopgsb.azdigi.shop\/index.php?rest_route=%2Fwp%2Fv2%2Fcomments&post=726"}],"wp:featuredmedia":[{"embeddable":true,"href":"https:\/\/shopgsb.azdigi.shop\/index.php?rest_route=\/wp\/v2\/media\/729"}],"wp:attachment":[{"href":"https:\/\/shopgsb.azdigi.shop\/index.php?rest_route=%2Fwp%2Fv2%2Fmedia&parent=726"}],"wp:term":[{"taxonomy":"product_brand","embeddable":true,"href":"https:\/\/shopgsb.azdigi.shop\/index.php?rest_route=%2Fwp%2Fv2%2Fproduct_brand&post=726"},{"taxonomy":"product_cat","embeddable":true,"href":"https:\/\/shopgsb.azdigi.shop\/index.php?rest_route=%2Fwp%2Fv2%2Fproduct_cat&post=726"},{"taxonomy":"product_tag","embeddable":true,"href":"https:\/\/shopgsb.azdigi.shop\/index.php?rest_route=%2Fwp%2Fv2%2Fproduct_tag&post=726"}],"curies":[{"name":"wp","href":"https:\/\/api.w.org\/{rel}","templated":true}]}}